{"id":7054,"date":"2021-06-10T18:09:39","date_gmt":"2021-06-10T18:09:39","guid":{"rendered":"https:\/\/casapitti.com\/sala-da-pranzo\/"},"modified":"2023-10-27T10:19:28","modified_gmt":"2023-10-27T10:19:28","slug":"sala-da-pranzo","status":"publish","type":"page","link":"https:\/\/casapitti.com\/it\/sala-da-pranzo\/","title":{"rendered":"Sala da Pranzo"},"content":{"rendered":"\t\t<div data-elementor-type=\"wp-page\" data-elementor-id=\"7054\" class=\"elementor elementor-7054 elementor-1078\" data-elementor-post-type=\"page\">\n\t\t\t\t\t\t<section class=\"elementor-section elementor-top-section elementor-element elementor-element-187e8ab0 elementor-section-height-min-height elementor-section-boxed elementor-section-height-default elementor-section-items-middle\" data-id=\"187e8ab0\" data-element_type=\"section\" data-e-type=\"section\" data-settings=\"{&quot;jet_parallax_layout_list&quot;:[{&quot;jet_parallax_layout_image&quot;:{&quot;url&quot;:&quot;&quot;,&quot;id&quot;:&quot;&quot;,&quot;size&quot;:&quot;&quot;},&quot;_id&quot;:&quot;634b1eb&quot;,&quot;jet_parallax_layout_image_tablet&quot;:{&quot;url&quot;:&quot;&quot;,&quot;id&quot;:&quot;&quot;,&quot;size&quot;:&quot;&quot;},&quot;jet_parallax_layout_image_mobile&quot;:{&quot;url&quot;:&quot;&quot;,&quot;id&quot;:&quot;&quot;,&quot;size&quot;:&quot;&quot;},&quot;jet_parallax_layout_speed&quot;:{&quot;unit&quot;:&quot;%&quot;,&quot;size&quot;:50,&quot;sizes&quot;:[]},&quot;jet_parallax_layout_type&quot;:&quot;scroll&quot;,&quot;jet_parallax_layout_direction&quot;:null,&quot;jet_parallax_layout_fx_direction&quot;:null,&quot;jet_parallax_layout_z_index&quot;:&quot;&quot;,&quot;jet_parallax_layout_bg_x&quot;:50,&quot;jet_parallax_layout_bg_x_tablet&quot;:&quot;&quot;,&quot;jet_parallax_layout_bg_x_mobile&quot;:&quot;&quot;,&quot;jet_parallax_layout_bg_y&quot;:50,&quot;jet_parallax_layout_bg_y_tablet&quot;:&quot;&quot;,&quot;jet_parallax_layout_bg_y_mobile&quot;:&quot;&quot;,&quot;jet_parallax_layout_bg_size&quot;:&quot;auto&quot;,&quot;jet_parallax_layout_bg_size_tablet&quot;:&quot;&quot;,&quot;jet_parallax_layout_bg_size_mobile&quot;:&quot;&quot;,&quot;jet_parallax_layout_animation_prop&quot;:&quot;transform&quot;,&quot;jet_parallax_layout_on&quot;:[&quot;desktop&quot;,&quot;tablet&quot;]}],&quot;background_background&quot;:&quot;slideshow&quot;,&quot;shape_divider_bottom&quot;:&quot;tilt&quot;,&quot;background_slideshow_gallery&quot;:[{&quot;id&quot;:4134,&quot;url&quot;:&quot;https:\\\/\\\/casapitti.com\\\/wp-content\\\/uploads\\\/2021\\\/06\\\/8713_dtables_parallax.jpg&quot;},{&quot;id&quot;:6236,&quot;url&quot;:&quot;https:\\\/\\\/casapitti.com\\\/wp-content\\\/uploads\\\/2021\\\/06\\\/7713_ambient.jpg&quot;},{&quot;id&quot;:6239,&quot;url&quot;:&quot;https:\\\/\\\/casapitti.com\\\/wp-content\\\/uploads\\\/2021\\\/06\\\/8312_ambient1.jpg&quot;},{&quot;id&quot;:6247,&quot;url&quot;:&quot;https:\\\/\\\/casapitti.com\\\/wp-content\\\/uploads\\\/2021\\\/06\\\/8489_ambient.jpg&quot;}],&quot;background_slideshow_loop&quot;:&quot;yes&quot;,&quot;background_slideshow_slide_duration&quot;:5000,&quot;background_slideshow_slide_transition&quot;:&quot;fade&quot;,&quot;background_slideshow_transition_duration&quot;:500}\">\n\t\t\t\t\t\t\t<div class=\"elementor-background-overlay\"><\/div>\n\t\t\t\t\t\t<div class=\"elementor-shape elementor-shape-bottom\" aria-hidden=\"true\" data-negative=\"false\">\n\t\t\t<svg xmlns=\"http:\/\/www.w3.org\/2000\/svg\" viewBox=\"0 0 1000 100\" preserveAspectRatio=\"none\">\n\t<path class=\"elementor-shape-fill\" d=\"M0,6V0h1000v100L0,6z\"\/>\n<\/svg>\t\t<\/div>\n\t\t\t\t\t<div class=\"elementor-container elementor-column-gap-default\">\n\t\t\t\t\t<div class=\"elementor-column elementor-col-100 elementor-top-column elementor-element elementor-element-1a4730c6\" data-id=\"1a4730c6\" data-element_type=\"column\" data-e-type=\"column\">\n\t\t\t<div class=\"elementor-widget-wrap elementor-element-populated\">\n\t\t\t\t\t\t<div class=\"elementor-element elementor-element-5e2e1ff9 elementor-widget elementor-widget-heading\" data-id=\"5e2e1ff9\" data-element_type=\"widget\" data-e-type=\"widget\" data-widget_type=\"heading.default\">\n\t\t\t\t<div class=\"elementor-widget-container\">\n\t\t\t\t\t<h2 class=\"elementor-heading-title elementor-size-xxl\">Sala da Pranzo<\/h2>\t\t\t\t<\/div>\n\t\t\t\t<\/div>\n\t\t\t\t\t<\/div>\n\t\t<\/div>\n\t\t\t\t\t<\/div>\n\t\t<\/section>\n\t\t\t\t<section class=\"elementor-section elementor-top-section elementor-element elementor-element-c173aad elementor-section-boxed elementor-section-height-default elementor-section-height-default\" data-id=\"c173aad\" data-element_type=\"section\" data-e-type=\"section\" data-settings=\"{&quot;jet_parallax_layout_list&quot;:[{&quot;jet_parallax_layout_image&quot;:{&quot;url&quot;:&quot;&quot;,&quot;id&quot;:&quot;&quot;,&quot;size&quot;:&quot;&quot;},&quot;_id&quot;:&quot;28657e7&quot;,&quot;jet_parallax_layout_image_tablet&quot;:{&quot;url&quot;:&quot;&quot;,&quot;id&quot;:&quot;&quot;,&quot;size&quot;:&quot;&quot;},&quot;jet_parallax_layout_image_mobile&quot;:{&quot;url&quot;:&quot;&quot;,&quot;id&quot;:&quot;&quot;,&quot;size&quot;:&quot;&quot;},&quot;jet_parallax_layout_speed&quot;:{&quot;unit&quot;:&quot;%&quot;,&quot;size&quot;:50,&quot;sizes&quot;:[]},&quot;jet_parallax_layout_type&quot;:&quot;scroll&quot;,&quot;jet_parallax_layout_direction&quot;:null,&quot;jet_parallax_layout_fx_direction&quot;:null,&quot;jet_parallax_layout_z_index&quot;:&quot;&quot;,&quot;jet_parallax_layout_bg_x&quot;:50,&quot;jet_parallax_layout_bg_x_tablet&quot;:&quot;&quot;,&quot;jet_parallax_layout_bg_x_mobile&quot;:&quot;&quot;,&quot;jet_parallax_layout_bg_y&quot;:50,&quot;jet_parallax_layout_bg_y_tablet&quot;:&quot;&quot;,&quot;jet_parallax_layout_bg_y_mobile&quot;:&quot;&quot;,&quot;jet_parallax_layout_bg_size&quot;:&quot;auto&quot;,&quot;jet_parallax_layout_bg_size_tablet&quot;:&quot;&quot;,&quot;jet_parallax_layout_bg_size_mobile&quot;:&quot;&quot;,&quot;jet_parallax_layout_animation_prop&quot;:&quot;transform&quot;,&quot;jet_parallax_layout_on&quot;:[&quot;desktop&quot;,&quot;tablet&quot;]}]}\">\n\t\t\t\t\t\t<div class=\"elementor-container elementor-column-gap-default\">\n\t\t\t\t\t<div class=\"elementor-column elementor-col-100 elementor-top-column elementor-element elementor-element-6bf0b4e\" data-id=\"6bf0b4e\" data-element_type=\"column\" data-e-type=\"column\">\n\t\t\t<div class=\"elementor-widget-wrap elementor-element-populated\">\n\t\t\t\t\t\t<div class=\"elementor-element elementor-element-306f364c elementor-widget elementor-widget-heading\" data-id=\"306f364c\" data-element_type=\"widget\" data-e-type=\"widget\" data-widget_type=\"heading.default\">\n\t\t\t\t<div class=\"elementor-widget-container\">\n\t\t\t\t\t<h2 class=\"elementor-heading-title elementor-size-default\">Benvenuti nel cuore della nostra casa! Scopri eleganti tavoli da pranzo Made in Italy e abbinaci le nostre sedute eleganti e comode. Scegli lo stile che fa per te, ideale per ogni occasione!<\/h2>\t\t\t\t<\/div>\n\t\t\t\t<\/div>\n\t\t\t\t<div class=\"elementor-element elementor-element-bbb7fba elementor-widget elementor-widget-spacer\" data-id=\"bbb7fba\" data-element_type=\"widget\" data-e-type=\"widget\" data-widget_type=\"spacer.default\">\n\t\t\t\t<div class=\"elementor-widget-container\">\n\t\t\t\t\t\t\t<div class=\"elementor-spacer\">\n\t\t\t<div class=\"elementor-spacer-inner\"><\/div>\n\t\t<\/div>\n\t\t\t\t\t\t<\/div>\n\t\t\t\t<\/div>\n\t\t\t\t\t<\/div>\n\t\t<\/div>\n\t\t\t\t\t<\/div>\n\t\t<\/section>\n\t\t\t\t<section class=\"elementor-section elementor-top-section elementor-element elementor-element-6417e89 elementor-section-boxed elementor-section-height-default elementor-section-height-default\" data-id=\"6417e89\" data-element_type=\"section\" data-e-type=\"section\" data-settings=\"{&quot;jet_parallax_layout_list&quot;:[{&quot;jet_parallax_layout_image&quot;:{&quot;url&quot;:&quot;&quot;,&quot;id&quot;:&quot;&quot;,&quot;size&quot;:&quot;&quot;},&quot;_id&quot;:&quot;c2cebaf&quot;,&quot;jet_parallax_layout_image_tablet&quot;:{&quot;url&quot;:&quot;&quot;,&quot;id&quot;:&quot;&quot;,&quot;size&quot;:&quot;&quot;},&quot;jet_parallax_layout_image_mobile&quot;:{&quot;url&quot;:&quot;&quot;,&quot;id&quot;:&quot;&quot;,&quot;size&quot;:&quot;&quot;},&quot;jet_parallax_layout_speed&quot;:{&quot;unit&quot;:&quot;%&quot;,&quot;size&quot;:50,&quot;sizes&quot;:[]},&quot;jet_parallax_layout_type&quot;:&quot;scroll&quot;,&quot;jet_parallax_layout_direction&quot;:null,&quot;jet_parallax_layout_fx_direction&quot;:null,&quot;jet_parallax_layout_z_index&quot;:&quot;&quot;,&quot;jet_parallax_layout_bg_x&quot;:50,&quot;jet_parallax_layout_bg_x_tablet&quot;:&quot;&quot;,&quot;jet_parallax_layout_bg_x_mobile&quot;:&quot;&quot;,&quot;jet_parallax_layout_bg_y&quot;:50,&quot;jet_parallax_layout_bg_y_tablet&quot;:&quot;&quot;,&quot;jet_parallax_layout_bg_y_mobile&quot;:&quot;&quot;,&quot;jet_parallax_layout_bg_size&quot;:&quot;auto&quot;,&quot;jet_parallax_layout_bg_size_tablet&quot;:&quot;&quot;,&quot;jet_parallax_layout_bg_size_mobile&quot;:&quot;&quot;,&quot;jet_parallax_layout_animation_prop&quot;:&quot;transform&quot;,&quot;jet_parallax_layout_on&quot;:[&quot;desktop&quot;,&quot;tablet&quot;]}]}\">\n\t\t\t\t\t\t<div class=\"elementor-container elementor-column-gap-default\">\n\t\t\t\t\t<div class=\"elementor-column elementor-col-100 elementor-top-column elementor-element elementor-element-5dc8be21\" data-id=\"5dc8be21\" data-element_type=\"column\" data-e-type=\"column\">\n\t\t\t<div class=\"elementor-widget-wrap elementor-element-populated\">\n\t\t\t\t\t\t<div class=\"elementor-element elementor-element-7ec9054a elementor-widget elementor-widget-text-editor\" data-id=\"7ec9054a\" data-element_type=\"widget\" data-e-type=\"widget\" data-widget_type=\"text-editor.default\">\n\t\t\t\t<div class=\"elementor-widget-container\">\n\t\t\t\t\t\t\t\t\t<p><span style=\"font-weight: 400;\">Scopri i nostri tavoli allungabili in grado di accogliere comodamente gli ospiti in pi\u00f9 durante i pranzi della domenica e i piani in gres antimacchia dove le macchie o una padella calda non creano problemi ne&#8217; preoccupazioni; La cucina italiana \u00e8 un&#8217;arte senza limiti, lo chef ha bisogno di sentirsi libero di creare senza alcuna paura di rovinare i suoi amati mobili. Rilassati sulle nostre sedie da pranzo imbottite a mano mentre ti gusti del buon cibo o un bicchiere di vino.<\/span><\/p>\n<p><span style=\"font-weight: 400;\">Tutti i prodotti sono realizzati e dipinti a mano in Italia dalla nostra squadra di talentuosi artigiani che si fa ispirare dalla bellezza dei nostri paesaggi riproducendone l&#8217;autenticita&#8217; grazie all&#8217;utilizzo di tecniche manuali e di colori speciali<\/span><\/p>\n<p><span style=\"font-weight: 400;\">Durante la ricerca di mobili Made in Italy per la tua sala da pranzo, non dimenticare il tuo stile personale e le tue abitudini quotidiane: apprezzerai subito le nostre caratteristiche estetiche che faranno sicuramente al caso tuo I tavoli e le sedie da pranzo Casapitti ti doneranno il comfort e lusso che desideravi. I materiali durevoli faranno la differenza quando pianificherai il design della tua sala da pranzo.&nbsp;<\/span><\/p>\n<p><span style=\"font-weight: 400;\">Secondo la cultura italiana, la tavola \u00e8 la regina della casa: un mobile che avrai sotto gli occhi tutti i giorni Merita lo spazio principale della sala da pranzo e l&#8217;attenzione degli ospiti. Il catalogo Casapitti ti offre modernit\u00e0 e variet\u00e0.<\/span><\/p>\n<p><span style=\"font-weight: 400;\">Se stai cercando una sedia con storia e qualit\u00e0, Casapitti soddisfa ogni preferenza; il nostro catalogo di sedie ti fornir\u00e0 le migliori idee per la tua sala da pranzo.&nbsp;<\/span><\/p>\n<p><span style=\"font-weight: 400;\">La collezione di Casapitti unisce lusso,&nbsp; stile e comodit\u00e0. \u00c8 artigianato italiano con una meticolosa attenzione ai dettagli e consegna sicura a casa tua. La sedia giusta per la tua sala da pranzo sara&#8217; in armonia con l&#8217;ambiente in cui verr\u00e0 collocata. Lasciati stimolare dai nostri attenti abbinamenti. Forme, materiali e tessuti di finitura fatti ad hoc per rispondere alle tue esigenze.<\/span><\/p>\n<p><span style=\"font-weight: 400;\">Casapitti \u00e8 sinonimo di alta qualit\u00e0, ogni singolo mobile che acquisti da noi \u00e8 un pezzo d&#8217;arte. Casapitti nasce dalle menti di persone appassionate di design e Made in Italy, un team di creatori che trasformer\u00e0 la casa dei tuoi sogni in realt\u00e0.<\/span><\/p>\n<p><span style=\"font-weight: 400;\">Creiamo insieme lo spazio che ti rappresenta, mettiti comodo e \u201cbuon pranzo\u201d.<\/span><\/p>\t\t\t\t\t\t\t\t<\/div>\n\t\t\t\t<\/div>\n\t\t\t\t\t<\/div>\n\t\t<\/div>\n\t\t\t\t\t<\/div>\n\t\t<\/section>\n\t\t\t\t<\/div>\n\t\t","protected":false},"excerpt":{"rendered":"<p>Sala da Pranzo Benvenuti nel cuore della nostra casa! Scopri eleganti tavoli da pranzo Made in Italy e abbinaci le nostre sedute eleganti e comode. Scegli lo stile che fa per te, ideale per ogni occasione! Flavio &euro;1.170,00 Select options Girotondo &euro;3.998,00 Select options Ettore &euro;1.488,00 Select options Oreste &euro;1.700,00 Select options Carolina &euro;252,00 Select [&hellip;]<\/p>\n","protected":false},"author":1,"featured_media":0,"parent":0,"menu_order":0,"comment_status":"closed","ping_status":"closed","template":"elementor_header_footer","meta":{"footnotes":""},"class_list":["post-7054","page","type-page","status-publish","hentry"],"jetpack_sharing_enabled":true,"_links":{"self":[{"href":"https:\/\/casapitti.com\/it\/wp-json\/wp\/v2\/pages\/7054","targetHints":{"allow":["GET"]}}],"collection":[{"href":"https:\/\/casapitti.com\/it\/wp-json\/wp\/v2\/pages"}],"about":[{"href":"https:\/\/casapitti.com\/it\/wp-json\/wp\/v2\/types\/page"}],"author":[{"embeddable":true,"href":"https:\/\/casapitti.com\/it\/wp-json\/wp\/v2\/users\/1"}],"replies":[{"embeddable":true,"href":"https:\/\/casapitti.com\/it\/wp-json\/wp\/v2\/comments?post=7054"}],"version-history":[{"count":5,"href":"https:\/\/casapitti.com\/it\/wp-json\/wp\/v2\/pages\/7054\/revisions"}],"predecessor-version":[{"id":14108,"href":"https:\/\/casapitti.com\/it\/wp-json\/wp\/v2\/pages\/7054\/revisions\/14108"}],"wp:attachment":[{"href":"https:\/\/casapitti.com\/it\/wp-json\/wp\/v2\/media?parent=7054"}],"curies":[{"name":"wp","href":"https:\/\/api.w.org\/{rel}","templated":true}]}}