{"id":7061,"date":"2021-06-11T08:20:54","date_gmt":"2021-06-11T08:20:54","guid":{"rendered":"https:\/\/casapitti.com\/fatto-in-italia\/"},"modified":"2024-11-06T10:18:47","modified_gmt":"2024-11-06T10:18:47","slug":"made-in-italy","status":"publish","type":"page","link":"https:\/\/casapitti.com\/it\/made-in-italy\/","title":{"rendered":"Made in Italy"},"content":{"rendered":"\t\t<div data-elementor-type=\"wp-page\" data-elementor-id=\"7061\" class=\"elementor elementor-7061 elementor-1128\" data-elementor-post-type=\"page\">\n\t\t\t\t\t\t<section class=\"elementor-section elementor-top-section elementor-element elementor-element-5b671b2 elementor-section-height-min-height elementor-section-boxed elementor-section-height-default elementor-section-items-middle\" data-id=\"5b671b2\" data-element_type=\"section\" data-e-type=\"section\" data-settings=\"{&quot;jet_parallax_layout_list&quot;:[{&quot;jet_parallax_layout_image&quot;:{&quot;url&quot;:&quot;&quot;,&quot;id&quot;:&quot;&quot;,&quot;size&quot;:&quot;&quot;},&quot;_id&quot;:&quot;634b1eb&quot;,&quot;jet_parallax_layout_image_tablet&quot;:{&quot;url&quot;:&quot;&quot;,&quot;id&quot;:&quot;&quot;,&quot;size&quot;:&quot;&quot;},&quot;jet_parallax_layout_image_mobile&quot;:{&quot;url&quot;:&quot;&quot;,&quot;id&quot;:&quot;&quot;,&quot;size&quot;:&quot;&quot;},&quot;jet_parallax_layout_speed&quot;:{&quot;unit&quot;:&quot;%&quot;,&quot;size&quot;:50,&quot;sizes&quot;:[]},&quot;jet_parallax_layout_type&quot;:&quot;scroll&quot;,&quot;jet_parallax_layout_direction&quot;:null,&quot;jet_parallax_layout_fx_direction&quot;:null,&quot;jet_parallax_layout_z_index&quot;:&quot;&quot;,&quot;jet_parallax_layout_bg_x&quot;:50,&quot;jet_parallax_layout_bg_x_tablet&quot;:&quot;&quot;,&quot;jet_parallax_layout_bg_x_mobile&quot;:&quot;&quot;,&quot;jet_parallax_layout_bg_y&quot;:50,&quot;jet_parallax_layout_bg_y_tablet&quot;:&quot;&quot;,&quot;jet_parallax_layout_bg_y_mobile&quot;:&quot;&quot;,&quot;jet_parallax_layout_bg_size&quot;:&quot;auto&quot;,&quot;jet_parallax_layout_bg_size_tablet&quot;:&quot;&quot;,&quot;jet_parallax_layout_bg_size_mobile&quot;:&quot;&quot;,&quot;jet_parallax_layout_animation_prop&quot;:&quot;transform&quot;,&quot;jet_parallax_layout_on&quot;:[&quot;desktop&quot;,&quot;tablet&quot;]}],&quot;background_background&quot;:&quot;classic&quot;,&quot;shape_divider_bottom&quot;:&quot;tilt&quot;}\">\n\t\t\t\t\t\t\t<div class=\"elementor-background-overlay\"><\/div>\n\t\t\t\t\t\t<div class=\"elementor-shape elementor-shape-bottom\" aria-hidden=\"true\" data-negative=\"false\">\n\t\t\t<svg xmlns=\"http:\/\/www.w3.org\/2000\/svg\" viewBox=\"0 0 1000 100\" preserveAspectRatio=\"none\">\n\t<path class=\"elementor-shape-fill\" d=\"M0,6V0h1000v100L0,6z\"\/>\n<\/svg>\t\t<\/div>\n\t\t\t\t\t<div class=\"elementor-container elementor-column-gap-default\">\n\t\t\t\t\t<div class=\"elementor-column elementor-col-100 elementor-top-column elementor-element elementor-element-22884158\" data-id=\"22884158\" data-element_type=\"column\" data-e-type=\"column\">\n\t\t\t<div class=\"elementor-widget-wrap elementor-element-populated\">\n\t\t\t\t\t\t\t<\/div>\n\t\t<\/div>\n\t\t\t\t\t<\/div>\n\t\t<\/section>\n\t\t\t\t<section class=\"elementor-section elementor-top-section elementor-element elementor-element-5282780 elementor-section-boxed elementor-section-height-default elementor-section-height-default\" data-id=\"5282780\" data-element_type=\"section\" data-e-type=\"section\" data-settings=\"{&quot;jet_parallax_layout_list&quot;:[{&quot;jet_parallax_layout_image&quot;:{&quot;url&quot;:&quot;&quot;,&quot;id&quot;:&quot;&quot;,&quot;size&quot;:&quot;&quot;},&quot;_id&quot;:&quot;28aa7be&quot;,&quot;jet_parallax_layout_image_tablet&quot;:{&quot;url&quot;:&quot;&quot;,&quot;id&quot;:&quot;&quot;,&quot;size&quot;:&quot;&quot;},&quot;jet_parallax_layout_image_mobile&quot;:{&quot;url&quot;:&quot;&quot;,&quot;id&quot;:&quot;&quot;,&quot;size&quot;:&quot;&quot;},&quot;jet_parallax_layout_speed&quot;:{&quot;unit&quot;:&quot;%&quot;,&quot;size&quot;:50,&quot;sizes&quot;:[]},&quot;jet_parallax_layout_type&quot;:&quot;scroll&quot;,&quot;jet_parallax_layout_direction&quot;:null,&quot;jet_parallax_layout_fx_direction&quot;:null,&quot;jet_parallax_layout_z_index&quot;:&quot;&quot;,&quot;jet_parallax_layout_bg_x&quot;:50,&quot;jet_parallax_layout_bg_x_tablet&quot;:&quot;&quot;,&quot;jet_parallax_layout_bg_x_mobile&quot;:&quot;&quot;,&quot;jet_parallax_layout_bg_y&quot;:50,&quot;jet_parallax_layout_bg_y_tablet&quot;:&quot;&quot;,&quot;jet_parallax_layout_bg_y_mobile&quot;:&quot;&quot;,&quot;jet_parallax_layout_bg_size&quot;:&quot;auto&quot;,&quot;jet_parallax_layout_bg_size_tablet&quot;:&quot;&quot;,&quot;jet_parallax_layout_bg_size_mobile&quot;:&quot;&quot;,&quot;jet_parallax_layout_animation_prop&quot;:&quot;transform&quot;,&quot;jet_parallax_layout_on&quot;:[&quot;desktop&quot;,&quot;tablet&quot;]}]}\">\n\t\t\t\t\t\t<div class=\"elementor-container elementor-column-gap-default\">\n\t\t\t\t\t<div class=\"elementor-column elementor-col-50 elementor-top-column elementor-element elementor-element-866d0bf\" data-id=\"866d0bf\" data-element_type=\"column\" data-e-type=\"column\">\n\t\t\t<div class=\"elementor-widget-wrap elementor-element-populated\">\n\t\t\t\t\t\t<div class=\"elementor-element elementor-element-db7366c elementor-hidden-tablet elementor-hidden-phone elementor-widget elementor-widget-spacer\" data-id=\"db7366c\" data-element_type=\"widget\" data-e-type=\"widget\" data-widget_type=\"spacer.default\">\n\t\t\t\t<div class=\"elementor-widget-container\">\n\t\t\t\t\t\t\t<div class=\"elementor-spacer\">\n\t\t\t<div class=\"elementor-spacer-inner\"><\/div>\n\t\t<\/div>\n\t\t\t\t\t\t<\/div>\n\t\t\t\t<\/div>\n\t\t\t\t<div class=\"elementor-element elementor-element-59f57042 elementor-widget elementor-widget-heading\" data-id=\"59f57042\" data-element_type=\"widget\" data-e-type=\"widget\" data-widget_type=\"heading.default\">\n\t\t\t\t<div class=\"elementor-widget-container\">\n\t\t\t\t\t<h2 class=\"elementor-heading-title elementor-size-default\">Il Made in Italy \u00e8 un concetto che trova le sue radici nell'immaginario collettivo.<\/h2>\t\t\t\t<\/div>\n\t\t\t\t<\/div>\n\t\t\t\t<div class=\"elementor-element elementor-element-674d3e6 elementor-widget elementor-widget-text-editor\" data-id=\"674d3e6\" data-element_type=\"widget\" data-e-type=\"widget\" data-widget_type=\"text-editor.default\">\n\t\t\t\t<div class=\"elementor-widget-container\">\n\t\t\t\t\t\t\t\t\t<p><span style=\"font-weight: 400;\">Quando leggiamo queste parole stampate su un&#8217;etichetta o sulla confezione dei prodotti che acquistiamo, hanno un significato molto profondo: rappresentano davvero l&#8217;Italia come Paese e come cultura, la nostra mente formula immediatamente un concetto positivo. \u00c8 il titolo di una storia, la storia di famiglie che hanno solide tradizioni, di persone che lavorano con amore e passione, di creativit\u00e0, di opportunit\u00e0. I prodotti Made in Italy ti trasmettono &#8216;L&#8217;ho fatto per te&#8217;, &#8216;Puoi fidarti di me&#8217;, &#8216;Sono stato fatto con cura e amore&#8217;.<\/span><\/p>\n\t\t\t\t\t\t\t\t<\/div>\n\t\t\t\t<\/div>\n\t\t\t\t\t<\/div>\n\t\t<\/div>\n\t\t\t\t<div class=\"elementor-column elementor-col-50 elementor-top-column elementor-element elementor-element-26a3831\" data-id=\"26a3831\" data-element_type=\"column\" data-e-type=\"column\" data-settings=\"{&quot;background_background&quot;:&quot;classic&quot;}\">\n\t\t\t<div class=\"elementor-widget-wrap elementor-element-populated\">\n\t\t\t\t\t\t<div class=\"elementor-element elementor-element-8c3f813 elementor-widget elementor-widget-image\" data-id=\"8c3f813\" data-element_type=\"widget\" data-e-type=\"widget\" data-widget_type=\"image.default\">\n\t\t\t\t<div class=\"elementor-widget-container\">\n\t\t\t\t\t\t\t\t\t\t\t\t\t\t\t<img fetchpriority=\"high\" decoding=\"async\" width=\"1400\" height=\"1400\" src=\"https:\/\/casapitti.com\/wp-content\/uploads\/2021\/06\/firenze_square.jpg\" class=\"attachment-full size-full wp-image-6585\" alt=\"\" srcset=\"https:\/\/casapitti.com\/wp-content\/uploads\/2021\/06\/firenze_square.jpg 1400w, https:\/\/casapitti.com\/wp-content\/uploads\/2021\/06\/firenze_square-300x300.jpg 300w, https:\/\/casapitti.com\/wp-content\/uploads\/2021\/06\/firenze_square-100x100.jpg 100w, https:\/\/casapitti.com\/wp-content\/uploads\/2021\/06\/firenze_square-600x600.jpg 600w, https:\/\/casapitti.com\/wp-content\/uploads\/2021\/06\/firenze_square-1024x1024.jpg 1024w, https:\/\/casapitti.com\/wp-content\/uploads\/2021\/06\/firenze_square-150x150.jpg 150w, https:\/\/casapitti.com\/wp-content\/uploads\/2021\/06\/firenze_square-768x768.jpg 768w\" sizes=\"(max-width: 1400px) 100vw, 1400px\" \/>\t\t\t\t\t\t\t\t\t\t\t\t\t\t\t<\/div>\n\t\t\t\t<\/div>\n\t\t\t\t\t<\/div>\n\t\t<\/div>\n\t\t\t\t\t<\/div>\n\t\t<\/section>\n\t\t\t\t<section class=\"elementor-section elementor-top-section elementor-element elementor-element-2630083 elementor-reverse-mobile elementor-section-boxed elementor-section-height-default elementor-section-height-default\" data-id=\"2630083\" data-element_type=\"section\" data-e-type=\"section\" data-settings=\"{&quot;jet_parallax_layout_list&quot;:[{&quot;jet_parallax_layout_image&quot;:{&quot;url&quot;:&quot;&quot;,&quot;id&quot;:&quot;&quot;,&quot;size&quot;:&quot;&quot;},&quot;_id&quot;:&quot;28aa7be&quot;,&quot;jet_parallax_layout_image_tablet&quot;:{&quot;url&quot;:&quot;&quot;,&quot;id&quot;:&quot;&quot;,&quot;size&quot;:&quot;&quot;},&quot;jet_parallax_layout_image_mobile&quot;:{&quot;url&quot;:&quot;&quot;,&quot;id&quot;:&quot;&quot;,&quot;size&quot;:&quot;&quot;},&quot;jet_parallax_layout_speed&quot;:{&quot;unit&quot;:&quot;%&quot;,&quot;size&quot;:50,&quot;sizes&quot;:[]},&quot;jet_parallax_layout_type&quot;:&quot;scroll&quot;,&quot;jet_parallax_layout_direction&quot;:null,&quot;jet_parallax_layout_fx_direction&quot;:null,&quot;jet_parallax_layout_z_index&quot;:&quot;&quot;,&quot;jet_parallax_layout_bg_x&quot;:50,&quot;jet_parallax_layout_bg_x_tablet&quot;:&quot;&quot;,&quot;jet_parallax_layout_bg_x_mobile&quot;:&quot;&quot;,&quot;jet_parallax_layout_bg_y&quot;:50,&quot;jet_parallax_layout_bg_y_tablet&quot;:&quot;&quot;,&quot;jet_parallax_layout_bg_y_mobile&quot;:&quot;&quot;,&quot;jet_parallax_layout_bg_size&quot;:&quot;auto&quot;,&quot;jet_parallax_layout_bg_size_tablet&quot;:&quot;&quot;,&quot;jet_parallax_layout_bg_size_mobile&quot;:&quot;&quot;,&quot;jet_parallax_layout_animation_prop&quot;:&quot;transform&quot;,&quot;jet_parallax_layout_on&quot;:[&quot;desktop&quot;,&quot;tablet&quot;]}]}\">\n\t\t\t\t\t\t<div class=\"elementor-container elementor-column-gap-default\">\n\t\t\t\t\t<div class=\"elementor-column elementor-col-50 elementor-top-column elementor-element elementor-element-33fbff8\" data-id=\"33fbff8\" data-element_type=\"column\" data-e-type=\"column\" data-settings=\"{&quot;background_background&quot;:&quot;classic&quot;}\">\n\t\t\t<div class=\"elementor-widget-wrap elementor-element-populated\">\n\t\t\t\t\t\t<div class=\"elementor-element elementor-element-5904c0d elementor-widget elementor-widget-image\" data-id=\"5904c0d\" data-element_type=\"widget\" data-e-type=\"widget\" data-settings=\"{&quot;motion_fx_motion_fx_scrolling&quot;:&quot;yes&quot;,&quot;motion_fx_rotateZ_effect&quot;:&quot;yes&quot;,&quot;motion_fx_rotateZ_affectedRange&quot;:{&quot;unit&quot;:&quot;%&quot;,&quot;size&quot;:&quot;&quot;,&quot;sizes&quot;:{&quot;start&quot;:8,&quot;end&quot;:85}},&quot;motion_fx_motion_fx_mouse&quot;:&quot;yes&quot;,&quot;motion_fx_rotateZ_speed&quot;:{&quot;unit&quot;:&quot;px&quot;,&quot;size&quot;:1,&quot;sizes&quot;:[]},&quot;motion_fx_devices&quot;:[&quot;desktop&quot;,&quot;tablet&quot;,&quot;mobile&quot;]}\" data-widget_type=\"image.default\">\n\t\t\t\t<div class=\"elementor-widget-container\">\n\t\t\t\t\t\t\t\t\t\t\t\t\t\t\t<img decoding=\"async\" width=\"600\" height=\"600\" src=\"https:\/\/casapitti.com\/wp-content\/uploads\/2024\/04\/pazol_1.png\" class=\"attachment-full size-full wp-image-15127\" alt=\"\" srcset=\"https:\/\/casapitti.com\/wp-content\/uploads\/2024\/04\/pazol_1.png 600w, https:\/\/casapitti.com\/wp-content\/uploads\/2024\/04\/pazol_1-300x300.png 300w, https:\/\/casapitti.com\/wp-content\/uploads\/2024\/04\/pazol_1-150x150.png 150w, https:\/\/casapitti.com\/wp-content\/uploads\/2024\/04\/pazol_1-100x100.png 100w, https:\/\/casapitti.com\/wp-content\/uploads\/2024\/04\/pazol_1-50x50.png 50w\" sizes=\"(max-width: 600px) 100vw, 600px\" \/>\t\t\t\t\t\t\t\t\t\t\t\t\t\t\t<\/div>\n\t\t\t\t<\/div>\n\t\t\t\t\t<\/div>\n\t\t<\/div>\n\t\t\t\t<div class=\"elementor-column elementor-col-50 elementor-top-column elementor-element elementor-element-7ea1f0c\" data-id=\"7ea1f0c\" data-element_type=\"column\" data-e-type=\"column\">\n\t\t\t<div class=\"elementor-widget-wrap elementor-element-populated\">\n\t\t\t\t\t\t<div class=\"elementor-element elementor-element-76b36b1 elementor-widget elementor-widget-text-editor\" data-id=\"76b36b1\" data-element_type=\"widget\" data-e-type=\"widget\" data-widget_type=\"text-editor.default\">\n\t\t\t\t<div class=\"elementor-widget-container\">\n\t\t\t\t\t\t\t\t\t<p><span style=\"font-weight: 400;\">Made in Italy tecnicamente significa che ogni prodotto \u00e8 progettato, fabbricato e confezionato in Italia. Solo chi segue al 100% queste disposizioni pu\u00f2 essere etichettato come Made in Italy. Made in Italy significa materie prime eccellenti, artigianalit\u00e0 e know-how.<\/span><\/p>\n<p><span style=\"font-weight: 400;\">L&#8217;arredamento Made in Italy \u00e8 passione, artigianalit\u00e0 e, soprattutto, qualit\u00e0. Quando compri un mobile vuoi che duri per sempre, vuoi che i tuoi figli lo conservino e che tramandino i vostri ricordi. Questa \u00e8 anche la convinzione di Casapitti, che crea mobili e ricordi per tutta la vita. Il Made in Italy rappresenta valori e competenze; i valori della cultura italiana e le competenze dei nostri artigiani. Mostra anche l&#8217;alta qualit\u00e0 dei materiali, che sono di provenienza locale. <\/span><span style=\"font-weight: 400;\"> Riunisce influenze storiche, culturali e sociali.<\/span><\/p>\n<p><span style=\"font-weight: 400;\">Casapitti rappresenta e abbraccia a pieno la filosofia del Made in Italy. Dietro la produzione dei mobili Casapitti c&#8217;\u00e8 molta ricerca sulla tradizione, le tecniche, la storia, il paesaggio e la cultura italiana.<\/span><span style=\"font-weight: 400;\">Scegliamo di produrre i nostri mobili in zone dell&#8217;Italia che tradizionalmente rappresentano la massima qualit\u00e0 per quel pezzo. Ad esempio le nostre sedie sono prodotte a Udine, citt\u00e0 del nord Italia rinomata come centro per la produzione di sedie.<\/span><\/p>\n\t\t\t\t\t\t\t\t<\/div>\n\t\t\t\t<\/div>\n\t\t\t\t\t<\/div>\n\t\t<\/div>\n\t\t\t\t\t<\/div>\n\t\t<\/section>\n\t\t\t\t<section class=\"elementor-section elementor-top-section elementor-element elementor-element-86a2a19 elementor-section-boxed elementor-section-height-default elementor-section-height-default\" data-id=\"86a2a19\" data-element_type=\"section\" data-e-type=\"section\" data-settings=\"{&quot;jet_parallax_layout_list&quot;:[]}\">\n\t\t\t\t\t\t<div class=\"elementor-container elementor-column-gap-default\">\n\t\t\t\t\t<div class=\"elementor-column elementor-col-100 elementor-top-column elementor-element elementor-element-e135ecc\" data-id=\"e135ecc\" data-element_type=\"column\" data-e-type=\"column\">\n\t\t\t<div class=\"elementor-widget-wrap elementor-element-populated\">\n\t\t\t\t\t\t<div class=\"elementor-element elementor-element-19c51b4 elementor-widget elementor-widget-image\" data-id=\"19c51b4\" data-element_type=\"widget\" data-e-type=\"widget\" data-widget_type=\"image.default\">\n\t\t\t\t<div class=\"elementor-widget-container\">\n\t\t\t\t\t\t\t\t\t\t\t\t\t\t\t<img decoding=\"async\" width=\"800\" height=\"800\" src=\"https:\/\/casapitti.com\/wp-content\/uploads\/2024\/03\/casapitti_momogramma_black.png\" class=\"attachment-large size-large wp-image-14986\" alt=\"\" srcset=\"https:\/\/casapitti.com\/wp-content\/uploads\/2024\/03\/casapitti_momogramma_black.png 1000w, https:\/\/casapitti.com\/wp-content\/uploads\/2024\/03\/casapitti_momogramma_black-300x300.png 300w, https:\/\/casapitti.com\/wp-content\/uploads\/2024\/03\/casapitti_momogramma_black-150x150.png 150w, https:\/\/casapitti.com\/wp-content\/uploads\/2024\/03\/casapitti_momogramma_black-768x768.png 768w, https:\/\/casapitti.com\/wp-content\/uploads\/2024\/03\/casapitti_momogramma_black-600x600.png 600w, https:\/\/casapitti.com\/wp-content\/uploads\/2024\/03\/casapitti_momogramma_black-100x100.png 100w, https:\/\/casapitti.com\/wp-content\/uploads\/2024\/03\/casapitti_momogramma_black-50x50.png 50w\" sizes=\"(max-width: 800px) 100vw, 800px\" \/>\t\t\t\t\t\t\t\t\t\t\t\t\t\t\t<\/div>\n\t\t\t\t<\/div>\n\t\t\t\t<div class=\"elementor-element elementor-element-7216b91 elementor-widget elementor-widget-text-editor\" data-id=\"7216b91\" data-element_type=\"widget\" data-e-type=\"widget\" data-widget_type=\"text-editor.default\">\n\t\t\t\t<div class=\"elementor-widget-container\">\n\t\t\t\t\t\t\t\t\t<p><span style=\"font-weight: 400;\">La firma di Casapitti sono le finiture dei mobili. Ci ispiriamo a ci\u00f2 che ci circonda, alla maestosit\u00e0 della regione Toscana e del suo capoluogo storico. I nostri artigiani riproducono, con molteplici strati, i colori del paesaggio e i dettagli che richiamano agli intonaci e agli stucchi delle mura di Firenze, grazie ad infinite ore di lavorazione con un unico obiettivo: un risultato perfetto. I nostri artigiani lavorano con un&#8217;incredibile cura dei dettagli, sono completamente dediti al loro lavoro. <\/span><\/p>\n<p><span style=\"font-weight: 400;\">Il nostro team di artigiani fa parte dell&#8217;identit\u00e0 italiana e pu\u00f2 accogliere tutte le tue richieste, perch\u00e9 le tue esigenze sono al primo posto e trasformeranno i tuoi progetti in un&#8217;opera d&#8217;arte unica, portando un pezzo della nostra Italia a casa tua.<\/span><\/p>\n<p><span style=\"font-weight: 400;\">Il nostro obiettivo \u00e8 offrire la qualit\u00e0 oltre che ad un design accattivante, perch\u00e9 i nostri mobili devono essere realizzati per durare per sempre, per accompagnarti per tutta la vita ed oltre. Deve essere funzionale e conveniente, non solo bello nell&#8217;aspetto. I mobili Casapitti Made in Italy sono realizzati con materiali innovativi combinati con le pi\u00f9 moderne tecniche industriali, creando tavoli, sedie e armadi di alta gamma che lasceranno un segno in casa tua.<\/span><\/p>\n<p><span style=\"font-weight: 400;\">I nostri mobili sono un&#8217;opera d&#8217;arte che dovrebbe far parte della vostra famiglia e tramandata con orgoglio dai vostri figli.<\/span><\/p>\n\t\t\t\t\t\t\t\t<\/div>\n\t\t\t\t<\/div>\n\t\t\t\t\t<\/div>\n\t\t<\/div>\n\t\t\t\t\t<\/div>\n\t\t<\/section>\n\t\t\t\t<section class=\"elementor-section elementor-top-section elementor-element elementor-element-62f7552 elementor-section-height-min-height elementor-section-boxed elementor-section-height-default elementor-section-items-middle\" data-id=\"62f7552\" data-element_type=\"section\" data-e-type=\"section\" data-settings=\"{&quot;jet_parallax_layout_list&quot;:[],&quot;background_background&quot;:&quot;classic&quot;}\">\n\t\t\t\t\t\t<div class=\"elementor-container elementor-column-gap-default\">\n\t\t\t\t\t<div class=\"elementor-column elementor-col-100 elementor-top-column elementor-element elementor-element-10d65e8\" data-id=\"10d65e8\" data-element_type=\"column\" data-e-type=\"column\">\n\t\t\t<div class=\"elementor-widget-wrap\">\n\t\t\t\t\t\t\t<\/div>\n\t\t<\/div>\n\t\t\t\t\t<\/div>\n\t\t<\/section>\n\t\t\t\t<\/div>\n\t\t","protected":false},"excerpt":{"rendered":"<p>Il Made in Italy \u00e8 un concetto che trova le sue radici nell&#8217;immaginario collettivo. Quando leggiamo queste parole stampate su un&#8217;etichetta o sulla confezione dei prodotti che acquistiamo, hanno un significato molto profondo: rappresentano davvero l&#8217;Italia come Paese e come cultura, la nostra mente formula immediatamente un concetto positivo. \u00c8 il titolo di una storia, [&hellip;]<\/p>\n","protected":false},"author":1,"featured_media":6581,"parent":0,"menu_order":0,"comment_status":"closed","ping_status":"closed","template":"elementor_header_footer","meta":{"footnotes":""},"class_list":["post-7061","page","type-page","status-publish","has-post-thumbnail","hentry"],"jetpack_sharing_enabled":true,"_links":{"self":[{"href":"https:\/\/casapitti.com\/it\/wp-json\/wp\/v2\/pages\/7061","targetHints":{"allow":["GET"]}}],"collection":[{"href":"https:\/\/casapitti.com\/it\/wp-json\/wp\/v2\/pages"}],"about":[{"href":"https:\/\/casapitti.com\/it\/wp-json\/wp\/v2\/types\/page"}],"author":[{"embeddable":true,"href":"https:\/\/casapitti.com\/it\/wp-json\/wp\/v2\/users\/1"}],"replies":[{"embeddable":true,"href":"https:\/\/casapitti.com\/it\/wp-json\/wp\/v2\/comments?post=7061"}],"version-history":[{"count":8,"href":"https:\/\/casapitti.com\/it\/wp-json\/wp\/v2\/pages\/7061\/revisions"}],"predecessor-version":[{"id":15784,"href":"https:\/\/casapitti.com\/it\/wp-json\/wp\/v2\/pages\/7061\/revisions\/15784"}],"wp:featuredmedia":[{"embeddable":true,"href":"https:\/\/casapitti.com\/it\/wp-json\/wp\/v2\/media\/6581"}],"wp:attachment":[{"href":"https:\/\/casapitti.com\/it\/wp-json\/wp\/v2\/media?parent=7061"}],"curies":[{"name":"wp","href":"https:\/\/api.w.org\/{rel}","templated":true}]}}