{"id":7063,"date":"2021-06-10T18:06:09","date_gmt":"2021-06-10T18:06:09","guid":{"rendered":"https:\/\/casapitti.com\/domande-frequenti\/"},"modified":"2022-03-10T10:10:48","modified_gmt":"2022-03-10T10:10:48","slug":"faq","status":"publish","type":"page","link":"https:\/\/casapitti.com\/it\/faq\/","title":{"rendered":"FAQ"},"content":{"rendered":"\t\t<div data-elementor-type=\"wp-page\" data-elementor-id=\"7063\" class=\"elementor elementor-7063 elementor-1072\" data-elementor-post-type=\"page\">\n\t\t\t\t\t\t<section class=\"elementor-section elementor-top-section elementor-element elementor-element-7aae526d elementor-section-height-min-height elementor-section-boxed elementor-section-height-default elementor-section-items-middle\" data-id=\"7aae526d\" data-element_type=\"section\" data-e-type=\"section\" data-settings=\"{&quot;jet_parallax_layout_list&quot;:[{&quot;jet_parallax_layout_image&quot;:{&quot;url&quot;:&quot;&quot;,&quot;id&quot;:&quot;&quot;,&quot;size&quot;:&quot;&quot;},&quot;_id&quot;:&quot;634b1eb&quot;,&quot;jet_parallax_layout_image_tablet&quot;:{&quot;url&quot;:&quot;&quot;,&quot;id&quot;:&quot;&quot;,&quot;size&quot;:&quot;&quot;},&quot;jet_parallax_layout_image_mobile&quot;:{&quot;url&quot;:&quot;&quot;,&quot;id&quot;:&quot;&quot;,&quot;size&quot;:&quot;&quot;},&quot;jet_parallax_layout_speed&quot;:{&quot;unit&quot;:&quot;%&quot;,&quot;size&quot;:50,&quot;sizes&quot;:[]},&quot;jet_parallax_layout_type&quot;:&quot;scroll&quot;,&quot;jet_parallax_layout_direction&quot;:null,&quot;jet_parallax_layout_fx_direction&quot;:null,&quot;jet_parallax_layout_z_index&quot;:&quot;&quot;,&quot;jet_parallax_layout_bg_x&quot;:50,&quot;jet_parallax_layout_bg_x_tablet&quot;:&quot;&quot;,&quot;jet_parallax_layout_bg_x_mobile&quot;:&quot;&quot;,&quot;jet_parallax_layout_bg_y&quot;:50,&quot;jet_parallax_layout_bg_y_tablet&quot;:&quot;&quot;,&quot;jet_parallax_layout_bg_y_mobile&quot;:&quot;&quot;,&quot;jet_parallax_layout_bg_size&quot;:&quot;auto&quot;,&quot;jet_parallax_layout_bg_size_tablet&quot;:&quot;&quot;,&quot;jet_parallax_layout_bg_size_mobile&quot;:&quot;&quot;,&quot;jet_parallax_layout_animation_prop&quot;:&quot;transform&quot;,&quot;jet_parallax_layout_on&quot;:[&quot;desktop&quot;,&quot;tablet&quot;]}],&quot;background_background&quot;:&quot;gradient&quot;,&quot;shape_divider_bottom&quot;:&quot;tilt&quot;}\">\n\t\t\t\t\t<div class=\"elementor-shape elementor-shape-bottom\" aria-hidden=\"true\" data-negative=\"false\">\n\t\t\t<svg xmlns=\"http:\/\/www.w3.org\/2000\/svg\" viewBox=\"0 0 1000 100\" preserveAspectRatio=\"none\">\n\t<path class=\"elementor-shape-fill\" d=\"M0,6V0h1000v100L0,6z\"\/>\n<\/svg>\t\t<\/div>\n\t\t\t\t\t<div class=\"elementor-container elementor-column-gap-default\">\n\t\t\t\t\t<div class=\"elementor-column elementor-col-100 elementor-top-column elementor-element elementor-element-ae06266\" data-id=\"ae06266\" data-element_type=\"column\" data-e-type=\"column\">\n\t\t\t<div class=\"elementor-widget-wrap elementor-element-populated\">\n\t\t\t\t\t\t\t<\/div>\n\t\t<\/div>\n\t\t\t\t\t<\/div>\n\t\t<\/section>\n\t\t\t\t<section class=\"elementor-section elementor-top-section elementor-element elementor-element-953df8a elementor-section-boxed elementor-section-height-default elementor-section-height-default\" data-id=\"953df8a\" data-element_type=\"section\" data-e-type=\"section\" data-settings=\"{&quot;jet_parallax_layout_list&quot;:[{&quot;jet_parallax_layout_image&quot;:{&quot;url&quot;:&quot;&quot;,&quot;id&quot;:&quot;&quot;,&quot;size&quot;:&quot;&quot;},&quot;_id&quot;:&quot;44a5858&quot;,&quot;jet_parallax_layout_image_tablet&quot;:{&quot;url&quot;:&quot;&quot;,&quot;id&quot;:&quot;&quot;,&quot;size&quot;:&quot;&quot;},&quot;jet_parallax_layout_image_mobile&quot;:{&quot;url&quot;:&quot;&quot;,&quot;id&quot;:&quot;&quot;,&quot;size&quot;:&quot;&quot;},&quot;jet_parallax_layout_speed&quot;:{&quot;unit&quot;:&quot;%&quot;,&quot;size&quot;:50,&quot;sizes&quot;:[]},&quot;jet_parallax_layout_type&quot;:&quot;scroll&quot;,&quot;jet_parallax_layout_direction&quot;:null,&quot;jet_parallax_layout_fx_direction&quot;:null,&quot;jet_parallax_layout_z_index&quot;:&quot;&quot;,&quot;jet_parallax_layout_bg_x&quot;:50,&quot;jet_parallax_layout_bg_x_tablet&quot;:&quot;&quot;,&quot;jet_parallax_layout_bg_x_mobile&quot;:&quot;&quot;,&quot;jet_parallax_layout_bg_y&quot;:50,&quot;jet_parallax_layout_bg_y_tablet&quot;:&quot;&quot;,&quot;jet_parallax_layout_bg_y_mobile&quot;:&quot;&quot;,&quot;jet_parallax_layout_bg_size&quot;:&quot;auto&quot;,&quot;jet_parallax_layout_bg_size_tablet&quot;:&quot;&quot;,&quot;jet_parallax_layout_bg_size_mobile&quot;:&quot;&quot;,&quot;jet_parallax_layout_animation_prop&quot;:&quot;transform&quot;,&quot;jet_parallax_layout_on&quot;:[&quot;desktop&quot;,&quot;tablet&quot;]}]}\">\n\t\t\t\t\t\t<div class=\"elementor-container elementor-column-gap-default\">\n\t\t\t\t\t<div class=\"elementor-column elementor-col-100 elementor-top-column elementor-element elementor-element-7c22e75\" data-id=\"7c22e75\" data-element_type=\"column\" data-e-type=\"column\">\n\t\t\t<div class=\"elementor-widget-wrap elementor-element-populated\">\n\t\t\t\t\t\t<div class=\"elementor-element elementor-element-eed0a1c elementor-widget elementor-widget-toggle\" data-id=\"eed0a1c\" data-element_type=\"widget\" data-e-type=\"widget\" data-widget_type=\"toggle.default\">\n\t\t\t\t<div class=\"elementor-widget-container\">\n\t\t\t\t\t\t\t<div class=\"elementor-toggle\">\n\t\t\t\t\t\t\t<div class=\"elementor-toggle-item\">\n\t\t\t\t\t<div id=\"elementor-tab-title-2501\" class=\"elementor-tab-title\" data-tab=\"1\" role=\"button\" aria-controls=\"elementor-tab-content-2501\" aria-expanded=\"false\">\n\t\t\t\t\t\t\t\t\t\t\t\t<span class=\"elementor-toggle-icon elementor-toggle-icon-left\" aria-hidden=\"true\">\n\t\t\t\t\t\t\t\t\t\t\t\t\t\t\t<span class=\"elementor-toggle-icon-closed\"><i class=\"fas fa-chevron-down\"><\/i><\/span>\n\t\t\t\t\t\t\t\t<span class=\"elementor-toggle-icon-opened\"><i class=\"elementor-toggle-icon-opened fas fa-chevron-up\"><\/i><\/span>\n\t\t\t\t\t\t\t\t\t\t\t\t\t<\/span>\n\t\t\t\t\t\t\t\t\t\t\t\t<a class=\"elementor-toggle-title\" tabindex=\"0\">Disponibilit\u00e0, acquisto e consegna del prodotto<\/a>\n\t\t\t\t\t<\/div>\n\n\t\t\t\t\t<div id=\"elementor-tab-content-2501\" class=\"elementor-tab-content elementor-clearfix\" data-tab=\"1\" role=\"region\" aria-labelledby=\"elementor-tab-title-2501\"><p><strong><u>Prima di acquistare qualcosa, come faccio a sapere se un prodotto \u00e8 disponibile in stock o quanto tempo ci vorr\u00e0 per riceverlo?<\/u><\/strong><\/p><p>Il sito web contiene informazioni aggiornate sulla disponibilit\u00e0 dei prodotti e\/o sui tempi di consegna al nostro magazzino<\/p><p><strong><u>Ho acquistato e voglio sapere quando verr\u00e0 consegnato il prodotto<\/u><\/strong><\/p><p>Per informazioni aggiornate sulla consegna dei prodotti acquistati, si prega di inviare una mail a <a href=\"mailto:info@casapitti.com\">info@casapitti.com<\/a> Normalmente siamo in grado di consegnare in 44 giorni al massimo dalla data di conferma dell&#8217;ordine.<\/p><\/div>\n\t\t\t\t<\/div>\n\t\t\t\t\t\t\t<div class=\"elementor-toggle-item\">\n\t\t\t\t\t<div id=\"elementor-tab-title-2502\" class=\"elementor-tab-title\" data-tab=\"2\" role=\"button\" aria-controls=\"elementor-tab-content-2502\" aria-expanded=\"false\">\n\t\t\t\t\t\t\t\t\t\t\t\t<span class=\"elementor-toggle-icon elementor-toggle-icon-left\" aria-hidden=\"true\">\n\t\t\t\t\t\t\t\t\t\t\t\t\t\t\t<span class=\"elementor-toggle-icon-closed\"><i class=\"fas fa-chevron-down\"><\/i><\/span>\n\t\t\t\t\t\t\t\t<span class=\"elementor-toggle-icon-opened\"><i class=\"elementor-toggle-icon-opened fas fa-chevron-up\"><\/i><\/span>\n\t\t\t\t\t\t\t\t\t\t\t\t\t<\/span>\n\t\t\t\t\t\t\t\t\t\t\t\t<a class=\"elementor-toggle-title\" tabindex=\"0\">cancellazioni e resi<\/a>\n\t\t\t\t\t<\/div>\n\n\t\t\t\t\t<div id=\"elementor-tab-content-2502\" class=\"elementor-tab-content elementor-clearfix\" data-tab=\"2\" role=\"region\" aria-labelledby=\"elementor-tab-title-2502\"><p><strong><u>Ho appena ricevuto un ordine ma voglio restituirlo perch\u00e9 sembra diverso da come me lo aspettavo<\/u><\/strong><\/p><p>Si prega di inviare tempestivamente una mail a <a href=\"mailto:info@casapitti.com\">info@casapitti.com<\/a> entro 14 giorni dalla data di ricevimento della merce. Ricorda che le finiture sono per lo pi\u00f9 fatte a mano e che avranno alcune variazioni, perfino una luce diversa in una stanza pu\u00f2 far sembrare un colore leggermente diverso da quello visionato sul sito. <span style=\"text-decoration: underline;\">Non si accettano resi dopo 14 giorni dalla ricezione della merce.<\/span><\/p><p><span style=\"text-decoration: underline;\">Ho appena fatto un ordine ma ho cambiato idea.<\/span><\/p><p>Hai un massimo di 14 giorni dal giorno in cui hai effettuato l&#8217;ordine per cambiare idea e annullarlo. <span style=\"text-decoration: underline;\">Non accettiamo assolutamente cancellazioni trascorsi 14 giorni dalla data in cui abbiamo ricevuto il tuo ordine.<\/span><\/p><\/div>\n\t\t\t\t<\/div>\n\t\t\t\t\t\t\t<div class=\"elementor-toggle-item\">\n\t\t\t\t\t<div id=\"elementor-tab-title-2503\" class=\"elementor-tab-title\" data-tab=\"3\" role=\"button\" aria-controls=\"elementor-tab-content-2503\" aria-expanded=\"false\">\n\t\t\t\t\t\t\t\t\t\t\t\t<span class=\"elementor-toggle-icon elementor-toggle-icon-left\" aria-hidden=\"true\">\n\t\t\t\t\t\t\t\t\t\t\t\t\t\t\t<span class=\"elementor-toggle-icon-closed\"><i class=\"fas fa-chevron-down\"><\/i><\/span>\n\t\t\t\t\t\t\t\t<span class=\"elementor-toggle-icon-opened\"><i class=\"elementor-toggle-icon-opened fas fa-chevron-up\"><\/i><\/span>\n\t\t\t\t\t\t\t\t\t\t\t\t\t<\/span>\n\t\t\t\t\t\t\t\t\t\t\t\t<a class=\"elementor-toggle-title\" tabindex=\"0\">prodotti: informazioni tecniche, istruzioni per l'uso e manutenzione<\/a>\n\t\t\t\t\t<\/div>\n\n\t\t\t\t\t<div id=\"elementor-tab-content-2503\" class=\"elementor-tab-content elementor-clearfix\" data-tab=\"3\" role=\"region\" aria-labelledby=\"elementor-tab-title-2503\"><p><u>Dove posso trovare informazioni tecniche sui vostri prodotti?<\/u><\/p><p>Puoi trovare informazioni tecniche sul nostro sito, basta cercare la scheda tecnica del prodotto che ti interessa.<br>Se non riesci a trovarle, scrivici a info@casapitti.com<\/p><p><u>come mi prendo cura dei prodotti imbottiti?<\/u><\/p><p>Prodotti con rivestimento in tessuto con o senza indicazione di finitura antimacchia.<\/p><p>Alcune macchie sul lino e sui velluti vanno prontamente pulite con una spugna con acqua e sapone neutro ma il risultato positivo non \u00e8 garantito.<\/p><p>Il <strong>Rollo<\/strong> \u00e8 un tessuto trattato con antimacchia e la sua pulizia \u00e8 facile e sicura: lavare rapidamente la macchia con un po&#8217; d&#8217;acqua o pulire il tessuto con un panno umido con movimenti rapidi ma molto delicati<\/p><p>&#8211; Evitare rigorosamente l&#8217;uso di alcol etilico o detergenti contenenti acetone, tricloroetilene, ammoniaca e altri solventi, anche in piccole quantit\u00e0. Non utilizzare sostanze abrasive.<\/p><p>&#8211; Non strofinare, non insistere.<\/p><p><u>come mi prendo cura dei prodotti in legno?<\/u><\/p><ol><li>Alcuni consigli per la manutenzione dei prodotti in legno.<p>&#8211; Evitare urti accidentali con oggetti duri.<\/p><p>&#8211; In caso di macchie o schizzi accidentali sui piani in legno, agire rapidamente tamponando la superficie con un panno pulito e asciutto o carta assorbente.<\/p><p>&#8211; Tenere il prodotto lontano dal calore.<\/p><p>&#8211; Assicurarsi che le parti dei mobili a contatto con il pavimento siano tenuti al riparo dall&#8217;umidit\u00e0.<\/p><p>&#8211; Evitare qualsiasi contatto con sostanze chimiche comunemente utilizzate per la pulizia dei pavimenti.<\/p><p><strong>Istruzioni per la pulizia dei prodotti in legno.<\/strong><\/p><p>&#8211; Pulisci regolarmente i tuoi mobili di legno utilizzando un panno umido con una soluzione a base di acqua e una quantit\u00e0 limitata di sapone neutro oppure utilizzando detergenti specifici per il legno. Dopo ogni operazione di pulizia, ripetere il trattamento se necessario ed assorbire l&#8217;eventuale liquido in eccesso con un panno asciutto o carta assorbente.<\/p><p>&#8211; Non utilizzare sostanze abrasive. <\/p><\/li><\/ol><p>&#8211; Rimuovi tutte le sedie quando lavi il pavimento.<\/p><p><u>come mi prendo cura delle superfici in gres?<\/u><\/p><p>&#8211; Previeni rotture accidentali: evita gli urti con oggetti pesanti, duri e appuntiti.<\/p><p>Il gres \u00e8 resistente al calore e alle macchie e generalmente molto pi\u00f9 resistente del marmo.<\/p><p>&#8211; Se la superficie del gres \u00e8 incrinata o scheggiata, contattaci immediatamente a info@casapitti.com<\/p><p>&#8211; Prevenzione dei graffi il gres lucido pu\u00f2 essere graffiata, quindi non trascinare oggetti sulla superficie, ma sollevali con cautela.<\/p><p>  <strong>Istruzioni per la pulizia dei piani in gres<\/strong><\/p><p>&#8211; \u00c8 estremamente facile pulire le superfici in gres, il materiale \u00e8 impermeabile, non assorbe liquidi ed \u00e8 completamente igienico.<\/p><p>&#8211; Per la pulizia regolare, puoi utilizzare qualsiasi detersivo adatto per superfici di gres o il sapone che usi normalmente in cucina.<\/p><p>&#8211; Non utilizzare detersivi in polvere o qualsiasi altra sostanza abrasiva perch\u00e9 potrebbero graffiare il piano.<\/p><\/div>\n\t\t\t\t<\/div>\n\t\t\t\t\t\t\t\t<\/div>\n\t\t\t\t\t\t<\/div>\n\t\t\t\t<\/div>\n\t\t\t\t\t<\/div>\n\t\t<\/div>\n\t\t\t\t\t<\/div>\n\t\t<\/section>\n\t\t\t\t<\/div>\n\t\t","protected":false},"excerpt":{"rendered":"<p>Disponibilit\u00e0, acquisto e consegna del prodotto Prima di acquistare qualcosa, come faccio a sapere se un prodotto \u00e8 disponibile in stock o quanto tempo ci vorr\u00e0 per riceverlo? Il sito web contiene informazioni aggiornate sulla disponibilit\u00e0 dei prodotti e\/o sui tempi di consegna al nostro magazzino Ho acquistato e voglio sapere quando verr\u00e0 consegnato il [&hellip;]<\/p>\n","protected":false},"author":1,"featured_media":0,"parent":0,"menu_order":0,"comment_status":"closed","ping_status":"closed","template":"elementor_header_footer","meta":{"footnotes":""},"class_list":["post-7063","page","type-page","status-publish","hentry"],"jetpack_sharing_enabled":true,"_links":{"self":[{"href":"https:\/\/casapitti.com\/it\/wp-json\/wp\/v2\/pages\/7063","targetHints":{"allow":["GET"]}}],"collection":[{"href":"https:\/\/casapitti.com\/it\/wp-json\/wp\/v2\/pages"}],"about":[{"href":"https:\/\/casapitti.com\/it\/wp-json\/wp\/v2\/types\/page"}],"author":[{"embeddable":true,"href":"https:\/\/casapitti.com\/it\/wp-json\/wp\/v2\/users\/1"}],"replies":[{"embeddable":true,"href":"https:\/\/casapitti.com\/it\/wp-json\/wp\/v2\/comments?post=7063"}],"version-history":[{"count":4,"href":"https:\/\/casapitti.com\/it\/wp-json\/wp\/v2\/pages\/7063\/revisions"}],"predecessor-version":[{"id":7994,"href":"https:\/\/casapitti.com\/it\/wp-json\/wp\/v2\/pages\/7063\/revisions\/7994"}],"wp:attachment":[{"href":"https:\/\/casapitti.com\/it\/wp-json\/wp\/v2\/media?parent=7063"}],"curies":[{"name":"wp","href":"https:\/\/api.w.org\/{rel}","templated":true}]}}