{"id":7082,"date":"2021-06-10T17:09:28","date_gmt":"2021-06-10T17:09:28","guid":{"rendered":"https:\/\/casapitti.com\/spedizioni\/"},"modified":"2022-02-16T13:09:51","modified_gmt":"2022-02-16T13:09:51","slug":"spedizioni","status":"publish","type":"page","link":"https:\/\/casapitti.com\/it\/spedizioni\/","title":{"rendered":"Spedizioni"},"content":{"rendered":"\t\t<div data-elementor-type=\"wp-page\" data-elementor-id=\"7082\" class=\"elementor elementor-7082 elementor-1031\" data-elementor-post-type=\"page\">\n\t\t\t\t\t\t<section class=\"elementor-section elementor-top-section elementor-element elementor-element-13157f13 elementor-section-height-min-height elementor-section-boxed elementor-section-height-default elementor-section-items-middle\" data-id=\"13157f13\" data-element_type=\"section\" data-e-type=\"section\" data-settings=\"{&quot;jet_parallax_layout_list&quot;:[{&quot;jet_parallax_layout_image&quot;:{&quot;url&quot;:&quot;&quot;,&quot;id&quot;:&quot;&quot;,&quot;size&quot;:&quot;&quot;},&quot;_id&quot;:&quot;634b1eb&quot;,&quot;jet_parallax_layout_image_tablet&quot;:{&quot;url&quot;:&quot;&quot;,&quot;id&quot;:&quot;&quot;,&quot;size&quot;:&quot;&quot;},&quot;jet_parallax_layout_image_mobile&quot;:{&quot;url&quot;:&quot;&quot;,&quot;id&quot;:&quot;&quot;,&quot;size&quot;:&quot;&quot;},&quot;jet_parallax_layout_speed&quot;:{&quot;unit&quot;:&quot;%&quot;,&quot;size&quot;:50,&quot;sizes&quot;:[]},&quot;jet_parallax_layout_type&quot;:&quot;scroll&quot;,&quot;jet_parallax_layout_direction&quot;:null,&quot;jet_parallax_layout_fx_direction&quot;:null,&quot;jet_parallax_layout_z_index&quot;:&quot;&quot;,&quot;jet_parallax_layout_bg_x&quot;:50,&quot;jet_parallax_layout_bg_x_tablet&quot;:&quot;&quot;,&quot;jet_parallax_layout_bg_x_mobile&quot;:&quot;&quot;,&quot;jet_parallax_layout_bg_y&quot;:50,&quot;jet_parallax_layout_bg_y_tablet&quot;:&quot;&quot;,&quot;jet_parallax_layout_bg_y_mobile&quot;:&quot;&quot;,&quot;jet_parallax_layout_bg_size&quot;:&quot;auto&quot;,&quot;jet_parallax_layout_bg_size_tablet&quot;:&quot;&quot;,&quot;jet_parallax_layout_bg_size_mobile&quot;:&quot;&quot;,&quot;jet_parallax_layout_animation_prop&quot;:&quot;transform&quot;,&quot;jet_parallax_layout_on&quot;:[&quot;desktop&quot;,&quot;tablet&quot;]}],&quot;background_background&quot;:&quot;gradient&quot;,&quot;shape_divider_bottom&quot;:&quot;tilt&quot;}\">\n\t\t\t\t\t<div class=\"elementor-shape elementor-shape-bottom\" aria-hidden=\"true\" data-negative=\"false\">\n\t\t\t<svg xmlns=\"http:\/\/www.w3.org\/2000\/svg\" viewBox=\"0 0 1000 100\" preserveAspectRatio=\"none\">\n\t<path class=\"elementor-shape-fill\" d=\"M0,6V0h1000v100L0,6z\"\/>\n<\/svg>\t\t<\/div>\n\t\t\t\t\t<div class=\"elementor-container elementor-column-gap-default\">\n\t\t\t\t\t<div class=\"elementor-column elementor-col-100 elementor-top-column elementor-element elementor-element-49600191\" data-id=\"49600191\" data-element_type=\"column\" data-e-type=\"column\">\n\t\t\t<div class=\"elementor-widget-wrap elementor-element-populated\">\n\t\t\t\t\t\t\t<\/div>\n\t\t<\/div>\n\t\t\t\t\t<\/div>\n\t\t<\/section>\n\t\t\t\t<section class=\"elementor-section elementor-top-section elementor-element elementor-element-8440b38 elementor-section-boxed elementor-section-height-default elementor-section-height-default\" data-id=\"8440b38\" data-element_type=\"section\" data-e-type=\"section\" data-settings=\"{&quot;jet_parallax_layout_list&quot;:[{&quot;jet_parallax_layout_image&quot;:{&quot;url&quot;:&quot;&quot;,&quot;id&quot;:&quot;&quot;,&quot;size&quot;:&quot;&quot;},&quot;_id&quot;:&quot;c2cebaf&quot;,&quot;jet_parallax_layout_image_tablet&quot;:{&quot;url&quot;:&quot;&quot;,&quot;id&quot;:&quot;&quot;,&quot;size&quot;:&quot;&quot;},&quot;jet_parallax_layout_image_mobile&quot;:{&quot;url&quot;:&quot;&quot;,&quot;id&quot;:&quot;&quot;,&quot;size&quot;:&quot;&quot;},&quot;jet_parallax_layout_speed&quot;:{&quot;unit&quot;:&quot;%&quot;,&quot;size&quot;:50,&quot;sizes&quot;:[]},&quot;jet_parallax_layout_type&quot;:&quot;scroll&quot;,&quot;jet_parallax_layout_direction&quot;:null,&quot;jet_parallax_layout_fx_direction&quot;:null,&quot;jet_parallax_layout_z_index&quot;:&quot;&quot;,&quot;jet_parallax_layout_bg_x&quot;:50,&quot;jet_parallax_layout_bg_x_tablet&quot;:&quot;&quot;,&quot;jet_parallax_layout_bg_x_mobile&quot;:&quot;&quot;,&quot;jet_parallax_layout_bg_y&quot;:50,&quot;jet_parallax_layout_bg_y_tablet&quot;:&quot;&quot;,&quot;jet_parallax_layout_bg_y_mobile&quot;:&quot;&quot;,&quot;jet_parallax_layout_bg_size&quot;:&quot;auto&quot;,&quot;jet_parallax_layout_bg_size_tablet&quot;:&quot;&quot;,&quot;jet_parallax_layout_bg_size_mobile&quot;:&quot;&quot;,&quot;jet_parallax_layout_animation_prop&quot;:&quot;transform&quot;,&quot;jet_parallax_layout_on&quot;:[&quot;desktop&quot;,&quot;tablet&quot;]}]}\">\n\t\t\t\t\t\t<div class=\"elementor-container elementor-column-gap-default\">\n\t\t\t\t\t<div class=\"elementor-column elementor-col-100 elementor-top-column elementor-element elementor-element-2d7f473e\" data-id=\"2d7f473e\" data-element_type=\"column\" data-e-type=\"column\">\n\t\t\t<div class=\"elementor-widget-wrap elementor-element-populated\">\n\t\t\t\t\t\t<div class=\"elementor-element elementor-element-466c9457 elementor-widget elementor-widget-heading\" data-id=\"466c9457\" data-element_type=\"widget\" data-e-type=\"widget\" data-widget_type=\"heading.default\">\n\t\t\t\t<div class=\"elementor-widget-container\">\n\t\t\t\t\t<h2 class=\"elementor-heading-title elementor-size-default\">Spedizioni e consegne<\/h2>\t\t\t\t<\/div>\n\t\t\t\t<\/div>\n\t\t\t\t<div class=\"elementor-element elementor-element-4c9d57cc elementor-widget elementor-widget-text-editor\" data-id=\"4c9d57cc\" data-element_type=\"widget\" data-e-type=\"widget\" data-widget_type=\"text-editor.default\">\n\t\t\t\t<div class=\"elementor-widget-container\">\n\t\t\t\t\t\t\t\t\t<p>La consegna avviene al piano strada, davanti al numero civico indicato nell&#8217;indirizzo di consegna, tramite corriere espresso selezionato da Casapitti.<\/p><p>Non \u00e8 previsto il servizio di disimballaggio e montaggio. La partenza della merce dai magazzini di Casapitti sar\u00e0 comunicata tramite e-mail.<\/p><p>Le consegne tramite corriere avvengono dal luned\u00ec al venerd\u00ec. Il tuo ordine dovrebbe essere consegnato entro 30-44 giorni.<\/p><p><strong>Danni di spedizione<\/strong><\/p><p>Il prodotto che hai ordinato percorre una lunga distanza per arrivare a casa tua. Per questo, nonostante la cura che riponiamo nella progettazione di imballaggi robusti e nella scelta dei corrieri pi\u00f9 affidabili, la fase di consegna pu\u00f2 a volte portare a dei problemi.<\/p><p>Segui queste semplici indicazioni per aiutarti a risolvere rapidamente qualsiasi problema.<\/p><p class=\"tit extrasmall\">Si prega di fare ogni sforzo per essere presenti personalmente quando viene effettuata la consegna. Verifica lo stato dei pacchi prima di firmare la ricevuta del corriere.<\/p><p>Se i pacchi appaiono danneggiati all&#8217;esterno, schiacciati o parzialmente aperti, accettare i prodotti solo dopo essersi assicurati che il corriere abbia aggiunto una nota che descriva il problema riscontrato. Vi preghiamo di informarci immediatamente, in modo che siamo entrambi protetti da qualsiasi problema.<\/p><p>Successivamente, se apri confezioni integre e trovi comunque prodotti danneggiati, in parte mancanti, diversi da quelli che hai ordinato o se, pur seguendo le istruzioni allegate al prodotto, incontri difficolt\u00e0 nel montarli, contattaci e ti forniremo una soluzione nel pi\u00f9 breve tempo possibile.<\/p><p>Potete contattarci ai numeri e agli indirizzi indicati di seguito. Ricordati di inviarci sempre le tue informazioni di contatto e di farci sapere come desideri essere contattato (via e-mail o telefono), fornendo il numero d&#8217;ordine, il prodotto specifico in questione e una descrizione del problema riscontrato. Se decidi di contattarci via e-mail (come ti consigliamo), allega alcune foto per aiutarci a individuare rapidamente una soluzione efficace al problema.<\/p><p>Telefono Casapitti +39 345-1059532<\/p><p>oppure scrivici a info@casapitti.com<\/p>\t\t\t\t\t\t\t\t<\/div>\n\t\t\t\t<\/div>\n\t\t\t\t\t<\/div>\n\t\t<\/div>\n\t\t\t\t\t<\/div>\n\t\t<\/section>\n\t\t\t\t<\/div>\n\t\t","protected":false},"excerpt":{"rendered":"<p>Spedizioni e consegne La consegna avviene al piano strada, davanti al numero civico indicato nell&#8217;indirizzo di consegna, tramite corriere espresso selezionato da Casapitti. Non \u00e8 previsto il servizio di disimballaggio e montaggio. La partenza della merce dai magazzini di Casapitti sar\u00e0 comunicata tramite e-mail. Le consegne tramite corriere avvengono dal luned\u00ec al venerd\u00ec. Il tuo [&hellip;]<\/p>\n","protected":false},"author":1,"featured_media":0,"parent":0,"menu_order":0,"comment_status":"closed","ping_status":"closed","template":"elementor_header_footer","meta":{"footnotes":""},"class_list":["post-7082","page","type-page","status-publish","hentry"],"jetpack_sharing_enabled":true,"_links":{"self":[{"href":"https:\/\/casapitti.com\/it\/wp-json\/wp\/v2\/pages\/7082","targetHints":{"allow":["GET"]}}],"collection":[{"href":"https:\/\/casapitti.com\/it\/wp-json\/wp\/v2\/pages"}],"about":[{"href":"https:\/\/casapitti.com\/it\/wp-json\/wp\/v2\/types\/page"}],"author":[{"embeddable":true,"href":"https:\/\/casapitti.com\/it\/wp-json\/wp\/v2\/users\/1"}],"replies":[{"embeddable":true,"href":"https:\/\/casapitti.com\/it\/wp-json\/wp\/v2\/comments?post=7082"}],"version-history":[{"count":3,"href":"https:\/\/casapitti.com\/it\/wp-json\/wp\/v2\/pages\/7082\/revisions"}],"predecessor-version":[{"id":7546,"href":"https:\/\/casapitti.com\/it\/wp-json\/wp\/v2\/pages\/7082\/revisions\/7546"}],"wp:attachment":[{"href":"https:\/\/casapitti.com\/it\/wp-json\/wp\/v2\/media?parent=7082"}],"curies":[{"name":"wp","href":"https:\/\/api.w.org\/{rel}","templated":true}]}}