{"id":7084,"date":"2021-06-10T17:43:49","date_gmt":"2021-06-10T17:43:49","guid":{"rendered":"https:\/\/casapitti.com\/resi-e-ricambi\/"},"modified":"2022-03-10T10:12:56","modified_gmt":"2022-03-10T10:12:56","slug":"resi-e-ricambi","status":"publish","type":"page","link":"https:\/\/casapitti.com\/it\/resi-e-ricambi\/","title":{"rendered":"Resi e Ricambi"},"content":{"rendered":"\t\t<div data-elementor-type=\"wp-page\" data-elementor-id=\"7084\" class=\"elementor elementor-7084 elementor-1057\" data-elementor-post-type=\"page\">\n\t\t\t\t\t\t<section class=\"elementor-section elementor-top-section elementor-element elementor-element-31d7d345 elementor-section-height-min-height elementor-section-boxed elementor-section-height-default elementor-section-items-middle\" data-id=\"31d7d345\" data-element_type=\"section\" data-e-type=\"section\" data-settings=\"{&quot;jet_parallax_layout_list&quot;:[{&quot;jet_parallax_layout_image&quot;:{&quot;url&quot;:&quot;&quot;,&quot;id&quot;:&quot;&quot;,&quot;size&quot;:&quot;&quot;},&quot;_id&quot;:&quot;634b1eb&quot;,&quot;jet_parallax_layout_image_tablet&quot;:{&quot;url&quot;:&quot;&quot;,&quot;id&quot;:&quot;&quot;,&quot;size&quot;:&quot;&quot;},&quot;jet_parallax_layout_image_mobile&quot;:{&quot;url&quot;:&quot;&quot;,&quot;id&quot;:&quot;&quot;,&quot;size&quot;:&quot;&quot;},&quot;jet_parallax_layout_speed&quot;:{&quot;unit&quot;:&quot;%&quot;,&quot;size&quot;:50,&quot;sizes&quot;:[]},&quot;jet_parallax_layout_type&quot;:&quot;scroll&quot;,&quot;jet_parallax_layout_direction&quot;:null,&quot;jet_parallax_layout_fx_direction&quot;:null,&quot;jet_parallax_layout_z_index&quot;:&quot;&quot;,&quot;jet_parallax_layout_bg_x&quot;:50,&quot;jet_parallax_layout_bg_x_tablet&quot;:&quot;&quot;,&quot;jet_parallax_layout_bg_x_mobile&quot;:&quot;&quot;,&quot;jet_parallax_layout_bg_y&quot;:50,&quot;jet_parallax_layout_bg_y_tablet&quot;:&quot;&quot;,&quot;jet_parallax_layout_bg_y_mobile&quot;:&quot;&quot;,&quot;jet_parallax_layout_bg_size&quot;:&quot;auto&quot;,&quot;jet_parallax_layout_bg_size_tablet&quot;:&quot;&quot;,&quot;jet_parallax_layout_bg_size_mobile&quot;:&quot;&quot;,&quot;jet_parallax_layout_animation_prop&quot;:&quot;transform&quot;,&quot;jet_parallax_layout_on&quot;:[&quot;desktop&quot;,&quot;tablet&quot;]}],&quot;background_background&quot;:&quot;gradient&quot;,&quot;shape_divider_bottom&quot;:&quot;tilt&quot;}\">\n\t\t\t\t\t<div class=\"elementor-shape elementor-shape-bottom\" aria-hidden=\"true\" data-negative=\"false\">\n\t\t\t<svg xmlns=\"http:\/\/www.w3.org\/2000\/svg\" viewBox=\"0 0 1000 100\" preserveAspectRatio=\"none\">\n\t<path class=\"elementor-shape-fill\" d=\"M0,6V0h1000v100L0,6z\"\/>\n<\/svg>\t\t<\/div>\n\t\t\t\t\t<div class=\"elementor-container elementor-column-gap-default\">\n\t\t\t\t\t<div class=\"elementor-column elementor-col-100 elementor-top-column elementor-element elementor-element-33157ed2\" data-id=\"33157ed2\" data-element_type=\"column\" data-e-type=\"column\">\n\t\t\t<div class=\"elementor-widget-wrap elementor-element-populated\">\n\t\t\t\t\t\t\t<\/div>\n\t\t<\/div>\n\t\t\t\t\t<\/div>\n\t\t<\/section>\n\t\t\t\t<section class=\"elementor-section elementor-top-section elementor-element elementor-element-6f7c0cee elementor-section-boxed elementor-section-height-default elementor-section-height-default\" data-id=\"6f7c0cee\" data-element_type=\"section\" data-e-type=\"section\" data-settings=\"{&quot;jet_parallax_layout_list&quot;:[{&quot;jet_parallax_layout_image&quot;:{&quot;url&quot;:&quot;&quot;,&quot;id&quot;:&quot;&quot;,&quot;size&quot;:&quot;&quot;},&quot;_id&quot;:&quot;c2cebaf&quot;,&quot;jet_parallax_layout_image_tablet&quot;:{&quot;url&quot;:&quot;&quot;,&quot;id&quot;:&quot;&quot;,&quot;size&quot;:&quot;&quot;},&quot;jet_parallax_layout_image_mobile&quot;:{&quot;url&quot;:&quot;&quot;,&quot;id&quot;:&quot;&quot;,&quot;size&quot;:&quot;&quot;},&quot;jet_parallax_layout_speed&quot;:{&quot;unit&quot;:&quot;%&quot;,&quot;size&quot;:50,&quot;sizes&quot;:[]},&quot;jet_parallax_layout_type&quot;:&quot;scroll&quot;,&quot;jet_parallax_layout_direction&quot;:null,&quot;jet_parallax_layout_fx_direction&quot;:null,&quot;jet_parallax_layout_z_index&quot;:&quot;&quot;,&quot;jet_parallax_layout_bg_x&quot;:50,&quot;jet_parallax_layout_bg_x_tablet&quot;:&quot;&quot;,&quot;jet_parallax_layout_bg_x_mobile&quot;:&quot;&quot;,&quot;jet_parallax_layout_bg_y&quot;:50,&quot;jet_parallax_layout_bg_y_tablet&quot;:&quot;&quot;,&quot;jet_parallax_layout_bg_y_mobile&quot;:&quot;&quot;,&quot;jet_parallax_layout_bg_size&quot;:&quot;auto&quot;,&quot;jet_parallax_layout_bg_size_tablet&quot;:&quot;&quot;,&quot;jet_parallax_layout_bg_size_mobile&quot;:&quot;&quot;,&quot;jet_parallax_layout_animation_prop&quot;:&quot;transform&quot;,&quot;jet_parallax_layout_on&quot;:[&quot;desktop&quot;,&quot;tablet&quot;]}]}\">\n\t\t\t\t\t\t<div class=\"elementor-container elementor-column-gap-default\">\n\t\t\t\t\t<div class=\"elementor-column elementor-col-100 elementor-top-column elementor-element elementor-element-963a79e\" data-id=\"963a79e\" data-element_type=\"column\" data-e-type=\"column\">\n\t\t\t<div class=\"elementor-widget-wrap elementor-element-populated\">\n\t\t\t\t\t\t<div class=\"elementor-element elementor-element-6603712a elementor-widget elementor-widget-heading\" data-id=\"6603712a\" data-element_type=\"widget\" data-e-type=\"widget\" data-widget_type=\"heading.default\">\n\t\t\t\t<div class=\"elementor-widget-container\">\n\t\t\t\t\t<h2 class=\"elementor-heading-title elementor-size-default\">Casapitti ti offre un efficiente servizio di pezzi di ricambio per mantenere il tuo prodotto in buone condizioni.<\/h2>\t\t\t\t<\/div>\n\t\t\t\t<\/div>\n\t\t\t\t<div class=\"elementor-element elementor-element-3b2fc90d elementor-widget elementor-widget-text-editor\" data-id=\"3b2fc90d\" data-element_type=\"widget\" data-e-type=\"widget\" data-widget_type=\"text-editor.default\">\n\t\t\t\t<div class=\"elementor-widget-container\">\n\t\t\t\t\t\t\t\t\t<p>Se desideri sostituire accessori, come viti, ecc., controlla sulla scheda del prodotto quale metalleria puo&#8217; essere utilizzata sul tuo prodotto.<\/p><p>La scheda prodotto specifica anche il codice della parte di cui hai bisogno.<\/p><p>Si prega di inviare la richiesta a <a href=\"mailto:info@casapitti.com\">info@casapitti.com<\/a> specificando le seguenti informazioni:<\/p><ul><li>I tuoi dettagli personali;<\/li><li>la tua e-mail e il tuo numero di telefono, in modo da contattarti se necessario;<\/li><li>indirizzo di consegna;<\/li><li>riferimento di acquisto;<\/li><li>il codice (e descrizione) del ricambio di cui hai bisogno;<\/li><li>la quantit\u00e0 richiesta.<\/li><\/ul><p>NOTA: se non riesci a trovare il codice del ricambio, descrivi o scatta una foto del pezzo e specifica il modello del prodotto a cui si riferisce.<\/p><p>Per tutta la durata del periodo di garanzia, i pezzi di ricambio saranno forniti gratuitamente.<\/p><p>Una volta scaduta la garanzia, dovranno essere acquistati i relativi accessori ( maniglie, viti, reggiripiani etc)<\/p><p><strong>HAI CAMBIATO IDEA: IL DIRITTO DI RECESSO<\/strong><\/p><p>Se non sei completamente soddisfatto, o se cambi idea in merito all&#8217;acquisto, hai <strong>14 giorni<\/strong> di tempo dalla data in cui hai ricevuto i prodotti inclusi nel tuo ordine per comunicarci la tua decisione.<\/p><p>Inoltre, non sei tenuto a specificare alcun motivo per la tua decisione.<\/p><p>Tuttavia, ti saremo grati se deciderai di spiegare le tue ragioni, poich\u00e9 ci\u00f2 ci aiuter\u00e0 a migliorare i nostri prodotti e\/o servizi.<\/p><p>Per esercitare il diritto di recesso, ti preghiamo di comunicarci la tua decisione tramite lettera raccomandata A.R. inviata al seguente indirizzo: Buying &amp; Design Srl, Via Virginio 584, Montespertoli, Firenze, 50025, Italia- o via email a info@casapitti. com <\/p><p>Ricordati di specificare i tuoi dati personali, i riferimenti di acquisto, i prodotti che devi restituire e il metodo di restituzione scelto, poich\u00e9 sono disponibili pi\u00f9 metodi.<\/p><p><b>Esclusioni<\/b><\/p><p>Non puoi esercitare il diritto di recesso \u201cse i prodotti che hai acquistato sono stati realizzati su misura o personalizzati o se, per la loro specifica natura, non possono essere rispediti o rischiano di deteriorarsi o alterarsi rapidamente\u201d, e negli altri casi specificati per legge.<\/p><p>Inoltre, i prodotti devono essere sostanzialmente integri e in normale stato di conservazione, e devono essere stati conservati o utilizzati con la dovuta diligenza. Si prega di fare riferimento alle condizioni generali di vendita per ulteriori dettagli su questo argomento.<\/p><p><b>Modalit\u00e0 di reso a seguito di recesso<\/b><\/p><p>Dopo aver ricevuto la tua comunicazione di recesso, Casapitti ti invier\u00e0 un&#8217;autorizzazione al reso e ti comunicher\u00e0 l&#8217;indirizzo a cui la merce deve essere spedita.<\/p><p>Qualunque sia la modalit\u00e0 scelta per la restituzione del prodotto, le relative spese saranno a tuo carico.<\/p><p>Dato che sei responsabile dello smaltimento del materiale di imballaggio dopo la consegna, ti consigliamo di conservarlo temporaneamente almeno per un periodo <strong>14 giorni<\/strong> , che \u00e8 il termine prescritto per l&#8217;esercizio del diritto di recesso: ci\u00f2 render\u00e0 pi\u00f9 facile e veloce l&#8217;imballo del prodotto, preservandolo inoltre da eventuali danni durante la movimentazione e il trasporto.<\/p>\t\t\t\t\t\t\t\t<\/div>\n\t\t\t\t<\/div>\n\t\t\t\t\t<\/div>\n\t\t<\/div>\n\t\t\t\t\t<\/div>\n\t\t<\/section>\n\t\t\t\t<\/div>\n\t\t","protected":false},"excerpt":{"rendered":"<p>Casapitti ti offre un efficiente servizio di pezzi di ricambio per mantenere il tuo prodotto in buone condizioni. Se desideri sostituire accessori, come viti, ecc., controlla sulla scheda del prodotto quale metalleria puo&#8217; essere utilizzata sul tuo prodotto. La scheda prodotto specifica anche il codice della parte di cui hai bisogno. Si prega di inviare [&hellip;]<\/p>\n","protected":false},"author":1,"featured_media":0,"parent":0,"menu_order":0,"comment_status":"closed","ping_status":"closed","template":"elementor_header_footer","meta":{"footnotes":""},"class_list":["post-7084","page","type-page","status-publish","hentry"],"jetpack_sharing_enabled":true,"_links":{"self":[{"href":"https:\/\/casapitti.com\/it\/wp-json\/wp\/v2\/pages\/7084","targetHints":{"allow":["GET"]}}],"collection":[{"href":"https:\/\/casapitti.com\/it\/wp-json\/wp\/v2\/pages"}],"about":[{"href":"https:\/\/casapitti.com\/it\/wp-json\/wp\/v2\/types\/page"}],"author":[{"embeddable":true,"href":"https:\/\/casapitti.com\/it\/wp-json\/wp\/v2\/users\/1"}],"replies":[{"embeddable":true,"href":"https:\/\/casapitti.com\/it\/wp-json\/wp\/v2\/comments?post=7084"}],"version-history":[{"count":4,"href":"https:\/\/casapitti.com\/it\/wp-json\/wp\/v2\/pages\/7084\/revisions"}],"predecessor-version":[{"id":7997,"href":"https:\/\/casapitti.com\/it\/wp-json\/wp\/v2\/pages\/7084\/revisions\/7997"}],"wp:attachment":[{"href":"https:\/\/casapitti.com\/it\/wp-json\/wp\/v2\/media?parent=7084"}],"curies":[{"name":"wp","href":"https:\/\/api.w.org\/{rel}","templated":true}]}}