{"id":7088,"date":"2021-06-10T17:40:05","date_gmt":"2021-06-10T17:40:05","guid":{"rendered":"https:\/\/casapitti.com\/condizioni-di-vendita\/"},"modified":"2022-02-01T18:41:59","modified_gmt":"2022-02-01T18:41:59","slug":"condizioni-di-vendita","status":"publish","type":"page","link":"https:\/\/casapitti.com\/it\/condizioni-di-vendita\/","title":{"rendered":"Condizioni di vendita"},"content":{"rendered":"\t\t<div data-elementor-type=\"wp-page\" data-elementor-id=\"7088\" class=\"elementor elementor-7088 elementor-1050\" data-elementor-post-type=\"page\">\n\t\t\t\t\t\t<section class=\"elementor-section elementor-top-section elementor-element elementor-element-72c730de elementor-section-height-min-height elementor-section-boxed elementor-section-height-default elementor-section-items-middle\" data-id=\"72c730de\" data-element_type=\"section\" data-e-type=\"section\" data-settings=\"{&quot;jet_parallax_layout_list&quot;:[{&quot;jet_parallax_layout_image&quot;:{&quot;url&quot;:&quot;&quot;,&quot;id&quot;:&quot;&quot;,&quot;size&quot;:&quot;&quot;},&quot;_id&quot;:&quot;634b1eb&quot;,&quot;jet_parallax_layout_image_tablet&quot;:{&quot;url&quot;:&quot;&quot;,&quot;id&quot;:&quot;&quot;,&quot;size&quot;:&quot;&quot;},&quot;jet_parallax_layout_image_mobile&quot;:{&quot;url&quot;:&quot;&quot;,&quot;id&quot;:&quot;&quot;,&quot;size&quot;:&quot;&quot;},&quot;jet_parallax_layout_speed&quot;:{&quot;unit&quot;:&quot;%&quot;,&quot;size&quot;:50,&quot;sizes&quot;:[]},&quot;jet_parallax_layout_type&quot;:&quot;scroll&quot;,&quot;jet_parallax_layout_direction&quot;:null,&quot;jet_parallax_layout_fx_direction&quot;:null,&quot;jet_parallax_layout_z_index&quot;:&quot;&quot;,&quot;jet_parallax_layout_bg_x&quot;:50,&quot;jet_parallax_layout_bg_x_tablet&quot;:&quot;&quot;,&quot;jet_parallax_layout_bg_x_mobile&quot;:&quot;&quot;,&quot;jet_parallax_layout_bg_y&quot;:50,&quot;jet_parallax_layout_bg_y_tablet&quot;:&quot;&quot;,&quot;jet_parallax_layout_bg_y_mobile&quot;:&quot;&quot;,&quot;jet_parallax_layout_bg_size&quot;:&quot;auto&quot;,&quot;jet_parallax_layout_bg_size_tablet&quot;:&quot;&quot;,&quot;jet_parallax_layout_bg_size_mobile&quot;:&quot;&quot;,&quot;jet_parallax_layout_animation_prop&quot;:&quot;transform&quot;,&quot;jet_parallax_layout_on&quot;:[&quot;desktop&quot;,&quot;tablet&quot;]}],&quot;background_background&quot;:&quot;gradient&quot;,&quot;shape_divider_bottom&quot;:&quot;tilt&quot;}\">\n\t\t\t\t\t<div class=\"elementor-shape elementor-shape-bottom\" aria-hidden=\"true\" data-negative=\"false\">\n\t\t\t<svg xmlns=\"http:\/\/www.w3.org\/2000\/svg\" viewBox=\"0 0 1000 100\" preserveAspectRatio=\"none\">\n\t<path class=\"elementor-shape-fill\" d=\"M0,6V0h1000v100L0,6z\"\/>\n<\/svg>\t\t<\/div>\n\t\t\t\t\t<div class=\"elementor-container elementor-column-gap-default\">\n\t\t\t\t\t<div class=\"elementor-column elementor-col-100 elementor-top-column elementor-element elementor-element-f866464\" data-id=\"f866464\" data-element_type=\"column\" data-e-type=\"column\">\n\t\t\t<div class=\"elementor-widget-wrap elementor-element-populated\">\n\t\t\t\t\t\t\t<\/div>\n\t\t<\/div>\n\t\t\t\t\t<\/div>\n\t\t<\/section>\n\t\t\t\t<section class=\"elementor-section elementor-top-section elementor-element elementor-element-712a68b5 elementor-section-boxed elementor-section-height-default elementor-section-height-default\" data-id=\"712a68b5\" data-element_type=\"section\" data-e-type=\"section\" data-settings=\"{&quot;jet_parallax_layout_list&quot;:[{&quot;jet_parallax_layout_image&quot;:{&quot;url&quot;:&quot;&quot;,&quot;id&quot;:&quot;&quot;,&quot;size&quot;:&quot;&quot;},&quot;_id&quot;:&quot;c2cebaf&quot;,&quot;jet_parallax_layout_image_tablet&quot;:{&quot;url&quot;:&quot;&quot;,&quot;id&quot;:&quot;&quot;,&quot;size&quot;:&quot;&quot;},&quot;jet_parallax_layout_image_mobile&quot;:{&quot;url&quot;:&quot;&quot;,&quot;id&quot;:&quot;&quot;,&quot;size&quot;:&quot;&quot;},&quot;jet_parallax_layout_speed&quot;:{&quot;unit&quot;:&quot;%&quot;,&quot;size&quot;:50,&quot;sizes&quot;:[]},&quot;jet_parallax_layout_type&quot;:&quot;scroll&quot;,&quot;jet_parallax_layout_direction&quot;:null,&quot;jet_parallax_layout_fx_direction&quot;:null,&quot;jet_parallax_layout_z_index&quot;:&quot;&quot;,&quot;jet_parallax_layout_bg_x&quot;:50,&quot;jet_parallax_layout_bg_x_tablet&quot;:&quot;&quot;,&quot;jet_parallax_layout_bg_x_mobile&quot;:&quot;&quot;,&quot;jet_parallax_layout_bg_y&quot;:50,&quot;jet_parallax_layout_bg_y_tablet&quot;:&quot;&quot;,&quot;jet_parallax_layout_bg_y_mobile&quot;:&quot;&quot;,&quot;jet_parallax_layout_bg_size&quot;:&quot;auto&quot;,&quot;jet_parallax_layout_bg_size_tablet&quot;:&quot;&quot;,&quot;jet_parallax_layout_bg_size_mobile&quot;:&quot;&quot;,&quot;jet_parallax_layout_animation_prop&quot;:&quot;transform&quot;,&quot;jet_parallax_layout_on&quot;:[&quot;desktop&quot;,&quot;tablet&quot;]}]}\">\n\t\t\t\t\t\t<div class=\"elementor-container elementor-column-gap-default\">\n\t\t\t\t\t<div class=\"elementor-column elementor-col-100 elementor-top-column elementor-element elementor-element-3a4902cc\" data-id=\"3a4902cc\" data-element_type=\"column\" data-e-type=\"column\">\n\t\t\t<div class=\"elementor-widget-wrap elementor-element-populated\">\n\t\t\t\t\t\t<div class=\"elementor-element elementor-element-26aaece3 elementor-widget elementor-widget-heading\" data-id=\"26aaece3\" data-element_type=\"widget\" data-e-type=\"widget\" data-widget_type=\"heading.default\">\n\t\t\t\t<div class=\"elementor-widget-container\">\n\t\t\t\t\t<h2 class=\"elementor-heading-title elementor-size-default\">Condizioni di vendita del sito di Casapitti<\/h2>\t\t\t\t<\/div>\n\t\t\t\t<\/div>\n\t\t\t\t<div class=\"elementor-element elementor-element-19dc1896 elementor-widget elementor-widget-text-editor\" data-id=\"19dc1896\" data-element_type=\"widget\" data-e-type=\"widget\" data-widget_type=\"text-editor.default\">\n\t\t\t\t<div class=\"elementor-widget-container\">\n\t\t\t\t\t\t\t\t\t<p><span style=\"font-weight: 400;\">Le presenti Condizioni di Vendita si applicano a tutti gli ordini effettuati dai clienti su questo sito<\/span> <a href=\"http:\/\/www.casapitti.com\"><span style=\"font-weight: 400;\">www.casapitti.com<\/span><\/a><br><span style=\"color: var( --e-global-color-text ); font-family: var( --e-global-typography-text-font-family ), Sans-serif; font-size: 1rem;\">Effettuando qualsiasi ordine, i clienti accettano di essere vincolati dalle presenti Condizioni di vendita.<\/span><\/p><p><b>Articolo 1 \u2013 Definizioni<\/b><\/p><p>In base alle presenti Condizioni di vendita:<\/p><ul><li style=\"font-weight: 400;\" aria-level=\"1\"><span style=\"font-weight: 400;\">&#8220;Venditore&#8221; significa<\/span> <b>&#8220;Buying &amp; Design Srl&#8221;, con sede legale in Via Virginio 584, Montespertoli 50025 (FI) Italia,<\/b> <span style=\"font-weight: 400;\">o qualsiasi altro soggetto del gruppo indicato in fattura, o qualsiasi altro documento rilasciato al Cliente per l&#8217;acquisto.<\/span><\/li><li style=\"font-weight: 400;\" aria-level=\"1\"><span style=\"font-weight: 400;\"> &#8220;Cliente&#8221; indica la persona che acquisisce i beni ai sensi del presente Contratto.<\/span><\/li><li style=\"font-weight: 400;\" aria-level=\"1\"><span style=\"font-weight: 400;\"> &#8220;Consumatore&#8221; indica qualsiasi cliente che effettua un acquisto su questo Sito al di fuori di qualsiasi attivit\u00e0 o professione, quindi protetto dalla legge applicabile in materia di consumo.<\/span><\/li><li style=\"font-weight: 400;\" aria-level=\"1\"><span style=\"font-weight: 400;\"> &#8220;Contratto&#8221; indica il contratto di vendita di beni in essere tra il Venditore e il Cliente.<\/span><\/li><\/ul><p><b style=\"color: var( --e-global-color-text ); font-family: var( --e-global-typography-text-font-family ), Sans-serif; font-size: 1rem;\">Articolo 2 \u2013 Prodotti<\/b><\/p><p><span style=\"font-weight: 400;\">Il Venditore fa ogni sforzo per garantire che la descrizione e le specifiche dei prodotti promossi su questo Sito siano corrette e aggiornate. Tutte le immagini pubblicate sono solo a scopo descrittivo e potrebbero differire leggermente in termini di colore, dimensioni e accessori dai prodotti reali.<\/span><span style=\"font-weight: 400;\"><br><\/span><span style=\"font-weight: 400;\">In caso di consegna a domicilio dei prodotti, tutte le operazioni di montaggio saranno eseguite dal consumatore o da un ente sotto la supervisione del consumatore utilizzando scrupolosamente le istruzioni contenute nel pacco realizzate dal Venditore.<\/span><\/p><p><b>Articolo 3 &#8211; Conclusione del Contratto<\/b><\/p><p><span style=\"font-weight: 400;\">Il Contratto si intende concluso solo nel momento in cui il consenso all&#8217;offerta di acquisto formulata dal Cliente \u00e8 espresso dal Venditore al Cliente stesso, di norma al momento della spedizione dei prodotti. Tuttavia, l&#8217;e-mail con cui il Venditore comunica al Cliente che l&#8217;ordine \u00e8 stato ricevuto non pu\u00f2 in alcun modo essere interpretato come accettazione dell&#8217;ordine stesso.<\/span><\/p><p><span style=\"font-weight: 400;\">Il Venditore si riserva il diritto di non accettare un ordine, a propria assoluta discrezione, ad esempio in caso di pubblicazione sul Sito di prezzi errati o di un indirizzo indicato dal Cliente ritenuto non fattibile per la consegna di un ordine o di indisponibilit\u00e0 del prodotto.<\/span><\/p><p><span style=\"font-weight: 400;\">Una volta concluso il Contratto, verr\u00e0 visualizzata al Cliente una pagina web stampabile con i dettagli dell&#8217;ordine, riportante le generalit\u00e0 aziendali del Venditore, le caratteristiche essenziali e il prezzo dei prodotti ed eventuali oneri accessori, modalit\u00e0 e termini di pagamento, modalit\u00e0 di consegna e termini, e l&#8217;esistenza del diritto di recesso. Il Cliente si impegna a controllare la correttezza dei dati forniti in fase di ordinazione.<\/span><span style=\"font-weight: 400;\"><br><\/span><span style=\"font-weight: 400;\"> <\/span><\/p><p><b>Articolo 4 &#8211; Accettazione delle presenti Condizioni di Vendita<\/b><\/p><p><span style=\"font-weight: 400;\">Prima dell&#8217;invio telematico dell&#8217;ordine di acquisto, il Cliente \u00e8 tenuto a leggere le condizioni generali di vendita ed accettarle espressamente spuntando l&#8217;apposita casella. Il Cliente \u00e8 inoltre tenuto a verificare la veridicit\u00e0 e l&#8217;esattezza dei dati forniti durante la procedura di acquisto. Il Cliente prende altres\u00ec atto che il Venditore non pu\u00f2 essere vincolato da condizioni diverse, a meno che queste non siano preventivamente concordate e per iscritto tra il Venditore e il Cliente.<\/span><span style=\"font-weight: 400;\"><br><\/span><span style=\"font-weight: 400;\"> <\/span><\/p><p><b>Articolo 5 &#8211; Prezzi<\/b><\/p><p><span style=\"font-weight: 400;\">Tutti i prezzi dei prodotti pubblicati su<\/span> <span style=\"font-weight: 400;\">questo sito sono comprensivi<\/span><b> <\/b><span style=\"font-weight: 400;\">di IVA all&#8217;aliquota applicabile a seconda del Paese di residenza. Le spese di consegna e gli eventuali oneri accessori, ove previsti, non sono compresi nel prezzo di vendita ma specificati e calcolati in fase di checkout e sono altres\u00ec inclusi nella ricevuta dell&#8217;ordine. <\/span><\/p><p><span style=\"font-weight: 400;\">Qualsiasi prezzo errato pubblicato sul Sito NON \u00e8 vincolante per il Venditore, anche dopo che l&#8217;e-mail di conferma della ricezione dell&#8217;ordine \u00e8 stata inviata dal Venditore al Cliente.<\/span><span style=\"font-weight: 400;\"><br><\/span><span style=\"font-weight: 400;\"> <\/span><\/p><p><b>Articolo 6 \u2013 Pagamenti e rimborsi<\/b><\/p><p><span style=\"font-weight: 400;\">I pagamenti dei clienti possono essere effettuati solo con carta di credito o uno degli altri metodi indicati sul Sito. In caso di esercizio del diritto di recesso, il Consumatore sar\u00e0 rimborsato utilizzando una delle modalit\u00e0 proposte dal Venditore e scelte dal Consumatore, in modo tempestivo e comunque non oltre 14 (quattordici) giorni dalla data in cui il Venditore ha ricevuto i Prodotti restituiti e verificato che il reso sia stato effettuato dal Consumatore nel rispetto delle presenti Condizioni di Vendita.<\/span><\/p><p><span style=\"font-weight: 400;\"> <\/span><\/p><p><b>Articolo 7 \u2013 Consegna del prodotto<\/b><\/p><p><span style=\"font-weight: 400;\">I prodotti saranno consegnati all&#8217;indirizzo indicato dal Cliente. Tutti i prodotti saranno consegnati entro 44 giorni dalla data dell&#8217;ordine.<\/span><\/p><p><span style=\"font-weight: 400;\">Ove necessario per la natura e\/o disponibilit\u00e0 del prodotto (es. il prodotto necessita di essere ordinato o non \u00e8 disponibile), il Venditore pu\u00f2 proporre termini di consegna superiori a 44 giorni dalla data dell&#8217;ordine. In tali casi, l&#8217;accettazione del termine di consegna sar\u00e0 subordinata all&#8217;espressa approvazione del Consumatore.<\/span><\/p><p><span style=\"font-weight: 400;\">I tempi di consegna specificati nelle schede prodotto e durante la procedura di acquisto sono indicativi e devono ritenersi applicabili solo in assenza di ostacoli o di forza maggiore. In caso di ritardo nelle consegne, il Cliente sar\u00e0 informato tempestivamente tramite e-mail.<\/span><\/p><p><b>Articolo 8 \u2013 Garanzia legale<\/b><\/p><p><span style=\"font-weight: 400;\">Tutti i Prodotti acquistati sono soggetti alle garanzie di legge previste dalla legge sui consumatori applicabile. La garanzia legale sul prodotto copre i difetti di fabbricazione ma <\/span><b>non <\/b><span style=\"font-weight: 400;\">quelli causati durante il trasporto e il montaggio. Il periodo di garanzia legale si applica ai prodotti acquistati dai Consumatori che presentino un difetto di conformit\u00e0.<\/span><\/p><p><span style=\"font-weight: 400;\">I prodotti presentano un difetto di conformit\u00e0 quando:<\/span><\/p><ul><li style=\"font-weight: 400;\" aria-level=\"1\"><span style=\"font-weight: 400;\">non sono idonei agli scopi per i quali vengono normalmente utilizzati beni dello stesso tipo.<\/span><\/li><li style=\"font-weight: 400;\" aria-level=\"1\"><span style=\"font-weight: 400;\">non sono conformi alla descrizione fornita dal Venditore e possiedono le qualit\u00e0 del bene che il Venditore ha offerto al Consumatore come campione o modello.<\/span><\/li><li style=\"font-weight: 400;\" aria-level=\"1\"><span style=\"font-weight: 400;\">non mostrano la qualit\u00e0 e le prestazioni che sono normali in beni dello stesso tipo e che il Consumatore pu\u00f2 ragionevolmente aspettarsi, data la natura del bene e tenuto conto di eventuali dichiarazioni pubbliche sulle caratteristiche specifiche del bene fatte su di esso dal Venditore, il Venditore o un suo rappresentante, in particolare nella pubblicit\u00e0 o sull&#8217;etichettatura.<\/span><\/li><li style=\"font-weight: 400;\" aria-level=\"1\"><span style=\"font-weight: 400;\">non sono inoltre idonei a scopi particolari per i quali il Consumatore li richieda, e che siano stati comunicati al Venditore al momento della conclusione del Contratto e che il Venditore abbia accettato.<\/span><\/li><\/ul><p><span style=\"font-weight: 400;\">In tali casi, il Consumatore pu\u00f2 scegliere se il Venditore deve riparare o sostituire il prodotto. In ogni caso, l&#8217;eventuale riparazione dovr\u00e0 essere effettuata entro un termine ragionevole e senza alcun inconveniente rilevante per il Consumatore. Qualora i suddetti rimedi si rivelassero impossibili o sproporzionati, i Consumatori avranno diritto, a propria discrezione, ad una riduzione del prezzo o alla risoluzione del Contratto.<\/span><\/p><p><span style=\"font-weight: 400;\">Il Contratto non pu\u00f2 essere risolto nei casi in cui i rimedi di sostituzione o riparazione sarebbero impossibili e sproporzionati data l&#8217;irrilevanza del difetto di conformit\u00e0. Sono espressamente esclusi dalla garanzia legale i vizi causati al Prodotto dal trasporto o da un errato montaggio, ove non previsti dal Contratto; sono parimenti esclusi qualsiasi uso improprio o non conforme allo scopo per il quale il Prodotto \u00e8 normalmente utilizzato, la mancata osservanza delle istruzioni per l&#8217;uso e la manutenzione, l&#8217;ordinaria usura e ogni altro difetto non imputabile al Venditore.<\/span><\/p><p><span style=\"font-weight: 400;\">Il Cliente \u00e8 tenuto a studiare e conservare attentamente le istruzioni per l&#8217;uso e la manutenzione fornite con il prodotto prima del suo utilizzo. <\/span><\/p><p><span style=\"font-weight: 400;\">Nel caso in cui il cliente non ritiri entro 5 giorni lavorativi la merce ordinata e rimanga in giacenza presso il magazzino del corriere, l&#8217;ordine verr\u00e0 annullato.<\/span><\/p><p><span style=\"font-weight: 400;\">I periodi di assenza all&#8217;indirizzo per la consegna devono essere comunicati nelle &#8220;note&#8221; del modulo d&#8217;ordine o inviando una mail al nostro servizio clienti all&#8217;indirizzo<\/span> <a href=\"mailto:info@casapitti.com\"><span style=\"font-weight: 400;\">info@casapitti.com<\/span><\/a> <span style=\"font-weight: 400;\">Se tale comunicazione non \u00e8 stata effettuata prima della spedizione, le spese di giacenza saranno a carico del destinatario.<\/span><\/p><p><span style=\"font-weight: 400;\">I tempi di consegna possono variare a seconda del tipo di prodotto e della disponibilit\u00e0 di magazzino. Nei dati del prodotto \u00e8 riportato un periodo di consegna suggerito che pu\u00f2 subire ritardi o anticipi non direttamente imputabili a Casapitti.<\/span><\/p><p><span style=\"font-weight: 400;\">Al momento della consegna della merce il cliente \u00e8 tenuto immediatamente a controllare:<\/span><\/p><p><span style=\"font-weight: 400;\">&#8211; Il numero dei colli in consegna indicato nel documento di trasporto<\/span><\/p><p><span style=\"font-weight: 400;\">&#8211; che l&#8217;imballo risulti integro e non alterato anche nella fascia di chiusura<\/span><\/p><p><span style=\"font-weight: 400;\">In caso di danneggiamento dell&#8217;imballo esterno, il cliente \u00e8 tenuto a comunicare immediatamente il danno e ad annotarlo sulla ricevuta di consegna del corriere nell&#8217;apposita sezione e quindi a rifiutare la consegna. <\/span><\/p><p><span style=\"font-weight: 400;\">Il Servizio dovrebbe inoltre richiedere materiale fotografico dei pacchi ricevuti nonch\u00e9 una descrizione del problema da inviare tempestivamente via email a<\/span> <a href=\"mailto:info@casapitti.com\"><span style=\"font-weight: 400;\">info@casapitti.com<\/span><\/a> <span style=\"font-weight: 400;\">affinch\u00e9 il nostro team possa assistere i clienti e consumatori nel miglior modo possibile.<\/span><\/p><p><span style=\"font-weight: 400;\">Casapitti e Buying &amp; Design srl non saranno responsabili per errori di consegna dovuti ad inesattezze o incompletezze nell&#8217;inserimento dei dati dell&#8217;ordine di acquisto da parte del Cliente, nonch\u00e9 per eventuali danni ai Prodotti dopo la consegna da parte del vettore e per ritardi nella consegna secondo logistica i problemi. La consegna viene effettuata tramite corriere, pertanto non si accettano cassette postali.<\/span><\/p><div><p><b>Articolo 9 \u2013 Diritto di recesso<\/b><\/p><p><span style=\"font-weight: 400;\">Il Consumatore ha diritto di recedere dal Contratto, senza alcuna penalit\u00e0 e senza specificarne il motivo, entro 14 (quattordici) giorni lavorativi dal ricevimento del prodotto. Dopo tale periodo di riflessione, non accetteremo alcun annullamento dell&#8217;ordine.<\/span><\/p><p><span style=\"font-weight: 400;\">Il diritto di recesso pu\u00f2 essere esercitato dandone comunicazione scritta al Venditore, entro i termini sopra indicati, ma preferibilmente entro 5 giorni tramite email inviata a<\/span> <span style=\"font-weight: 400;\">info@casapitti.com<\/span><\/p><p><span style=\"font-weight: 400;\">Il Consumatore non pu\u00f2 esercitare il diritto di recesso per Prodotti confezionati su misura o chiaramente personalizzati o per quelli che, per loro natura, non possono essere rispediti o potrebbero deteriorarsi o alterarsi rapidamente.<\/span><\/p><p><span style=\"font-weight: 400;\">I prodotti per i quali si esercita il diritto di recesso devono essere restituiti al Venditore entro 14 (quattordici) giorni lavorativi dal ricevimento, nella loro confezione originale, integri e completi di tutti gli accessori e manuali ove previsti, senza esclusioni di sorta. L&#8217;unico addebito che pu\u00f2 essere fatto al Consumatore \u00e8 il costo diretto della restituzione della merce.<\/span><\/p><p><span style=\"font-weight: 400;\">Ricevuta la richiesta di recesso, il Venditore dovr\u00e0 provvedere al rimborso dell&#8217;intero importo pagato dal Consumatore entro 14 (quattordici) giorni, utilizzando lo stesso mezzo di pagamento utilizzato dal Consumatore per la transazione iniziale, salvo che il Consumatore abbia espressamente convenuto diversamente, e a condizione che il Consumatore non debba sostenere alcun onere per il rimborso. Il Venditore, pertanto, rifiuter\u00e0 qualsiasi prodotto restituito in violazione delle modalit\u00e0 e dei termini previsti dalle presenti Condizioni di Vendita.<\/span><\/p><p><span style=\"font-weight: 400;\"><br><\/span><b>Articolo 10 \u2013 Limitazioni di responsabilit\u00e0<\/b><\/p><p><span style=\"font-weight: 400;\">Il Venditore declina ogni responsabilit\u00e0 qualora non sia in grado di dare esecuzione all&#8217;ordine nei termini previsti dal Contratto a causa di disservizi imputabili a causa di forza maggiore. Il Venditore non sar\u00e0 inoltre responsabile per eventuali perdite o danni subiti o oneri sostenuti dal Cliente per la mancata esecuzione del Contratto per cause indipendenti dalla sua volont\u00e0, avendo il Cliente diritto esclusivamente alla restituzione integrale del prezzo pagato e degli eventuali oneri accessori sostenuti. <\/span><\/p><p><span style=\"font-weight: 400;\"><br><\/span><b>Articolo 11 \u2013 Responsabilit\u00e0 per perdite o danni causati da Prodotti difettosi<\/b><\/p><p><span style=\"font-weight: 400;\">Il venditore \u00e8 responsabile per perdite o danni causati dal prodotto ai sensi della legge applicabile al consumo.<\/span><\/p><p><span style=\"font-weight: 400;\">Il Venditore non pu\u00f2 essere ritenuto responsabile delle conseguenze derivanti da un Prodotto difettoso qualora il difetto sia dovuto alla conformit\u00e0 del prodotto a una disposizione o ordine di legge vincolante, ovvero allo stato delle conoscenze scientifiche e tecniche al momento in cui il Venditore ha messo il prodotto in circolazione non era tale da consentire di scoprire l&#8217;esistenza del vizio.<\/span><\/p><p><span style=\"font-weight: 400;\">Nessun indennizzo sar\u00e0 dovuto qualora le parti che hanno subito la perdita o il danno fossero state a conoscenza del difetto del Prodotto e del conseguente pericolo e si fossero comunque volontariamente esposte ad esso. Tali soggetti sono tenuti, in ogni caso, a provare il difetto, la perdita o il danno subito e il nesso causale tra il difetto e la perdita o il danno.<\/span><\/p><p><span style=\"font-weight: 400;\">Le parti che subiscono un danno o un danno possono chiedere il risarcimento del danno per morte o lesioni personali o per la distruzione o il deterioramento di cosa diversa dal prodotto difettoso, purch\u00e9 di natura normalmente destinata all&#8217;uso o al consumo privato e sia usata principalmente dalle parti che hanno subito la perdita o il danno. <\/span><\/p><p><span style=\"font-weight: 400;\"><br><\/span><b>Articolo 12 \u2013 Trattamento dei dati personali<\/b><\/p><p><span style=\"font-weight: 400;\">Ai sensi del Regolamento (UE) 679\/16 (il \u201cGeneral Data Processing Regulation\u201d &#8211; GDPR) e del Data Protection Act 2018 del Regno Unito, i Clienti devono dichiarare di aver preso visione dell&#8217;informativa al momento della compilazione dei moduli online necessari per concludere i propri acquisti. Vedere: <\/span><span style=\"font-weight: 400;\">Privacy Policy<\/span><\/p><p><span style=\"font-weight: 400;\"><br><\/span><b>Articolo 13 \u2013 Controversie e giurisdizione<\/b><\/p><p><span style=\"font-weight: 400;\">In caso di reclami o controversie in merito alla validit\u00e0, interpretazione o esecuzione del Contratto o all&#8217;applicazione delle presenti Condizioni di Vendita, il Venditore si impegna a compiere ogni sforzo per raggiungere, ove possibile, una composizione amichevole con il Cliente.<\/span><\/p><p><span style=\"font-weight: 400;\">Si ricorda inoltre che la Commissione Europea ha messo a disposizione una piattaforma di risoluzione delle controversie online raggiungibile al seguente link:<\/span><\/p><p><a href=\"https:\/\/ec.europa.eu\/consumers\/odr\/\"><span style=\"font-weight: 400;\">https:\/\/ec.europa.eu\/Consumers\/odr\/<\/span><\/a><\/p><p><span style=\"font-weight: 400;\">Ogni controversia relativa alla validit\u00e0, interpretazione o esecuzione del Contratto sar\u00e0 sottoposta alla competenza esclusiva del foro territorialmente competente in base alla sede legale del Venditore, ferma restando la competenza irrevocabile del foro del luogo di residenza o domicilio del Consumatore e l&#8217;applicazione di eventuali disposizioni di legge.<\/span><\/p><\/div><div> <\/div>\t\t\t\t\t\t\t\t<\/div>\n\t\t\t\t<\/div>\n\t\t\t\t\t<\/div>\n\t\t<\/div>\n\t\t\t\t\t<\/div>\n\t\t<\/section>\n\t\t\t\t<\/div>\n\t\t","protected":false},"excerpt":{"rendered":"<p>Condizioni di vendita del sito di Casapitti Le presenti Condizioni di Vendita si applicano a tutti gli ordini effettuati dai clienti su questo sito www.casapitti.comEffettuando qualsiasi ordine, i clienti accettano di essere vincolati dalle presenti Condizioni di vendita. Articolo 1 \u2013 Definizioni In base alle presenti Condizioni di vendita: &#8220;Venditore&#8221; significa &#8220;Buying &amp; Design Srl&#8221;, [&hellip;]<\/p>\n","protected":false},"author":1,"featured_media":0,"parent":0,"menu_order":0,"comment_status":"closed","ping_status":"closed","template":"elementor_header_footer","meta":{"footnotes":""},"class_list":["post-7088","page","type-page","status-publish","hentry"],"jetpack_sharing_enabled":true,"_links":{"self":[{"href":"https:\/\/casapitti.com\/it\/wp-json\/wp\/v2\/pages\/7088","targetHints":{"allow":["GET"]}}],"collection":[{"href":"https:\/\/casapitti.com\/it\/wp-json\/wp\/v2\/pages"}],"about":[{"href":"https:\/\/casapitti.com\/it\/wp-json\/wp\/v2\/types\/page"}],"author":[{"embeddable":true,"href":"https:\/\/casapitti.com\/it\/wp-json\/wp\/v2\/users\/1"}],"replies":[{"embeddable":true,"href":"https:\/\/casapitti.com\/it\/wp-json\/wp\/v2\/comments?post=7088"}],"version-history":[{"count":1,"href":"https:\/\/casapitti.com\/it\/wp-json\/wp\/v2\/pages\/7088\/revisions"}],"predecessor-version":[{"id":7089,"href":"https:\/\/casapitti.com\/it\/wp-json\/wp\/v2\/pages\/7088\/revisions\/7089"}],"wp:attachment":[{"href":"https:\/\/casapitti.com\/it\/wp-json\/wp\/v2\/media?parent=7088"}],"curies":[{"name":"wp","href":"https:\/\/api.w.org\/{rel}","templated":true}]}}