{"id":7090,"date":"2021-03-05T13:58:45","date_gmt":"2021-03-05T13:58:45","guid":{"rendered":"https:\/\/casapitti.com\/condizioni-duso\/"},"modified":"2022-02-01T18:42:25","modified_gmt":"2022-02-01T18:42:25","slug":"condizioni-duso","status":"publish","type":"page","link":"https:\/\/casapitti.com\/it\/condizioni-duso\/","title":{"rendered":"Condizioni d&#8217;uso"},"content":{"rendered":"\n<p>Ultimo aggiornamento: 05 marzo 2021<\/p>\n\n<p>Si prega di leggere attentamente questi termini e condizioni prima di utilizzare il nostro servizio.<\/p>\n\n<h1 class=\"wp-block-heading\">Interpretazione e definizioni<\/h1>\n\n<h2 class=\"wp-block-heading\">Interpretazione<\/h2>\n\n<p>Le parole di cui la lettera iniziale \u00e8 maiuscola hanno significati definiti nelle seguenti condizioni. Le seguenti definizioni avranno lo stesso significato indipendentemente dal fatto che appaiano al singolare o al plurale.<\/p>\n\n<h2 class=\"wp-block-heading\">Definizioni<\/h2>\n\n<p>Ai fini di questi Termini e Condizioni:<\/p>\n\n<ul class=\"wp-block-list\"><li><strong>Affiliato<\/strong> indica un&#8217;entit\u00e0 che controlla, \u00e8 controllata da o \u00e8 sotto il controllo comune con una parte, dove &#8220;controllo&#8221; significa la propriet\u00e0 del 50% o pi\u00f9 di azioni, partecipazioni o altri titoli aventi diritto al voto per l&#8217;elezione di amministratori o altra autorit\u00e0 di gestione .<\/li><li><strong>Paese<\/strong> si riferisce a: Italia<\/li><li><strong>Societ\u00e0<\/strong> (denominata &#8220;la Societ\u00e0&#8221;, &#8220;Noi&#8221;, &#8220;Ci&#8221; o &#8220;Nostro&#8221; nel presente Accordo) si riferisce a Buying &amp; Design Srl, Via Virginio, 584 &#8211; 50025 Montespertoli (FI).<\/li><li><strong>Dispositivo<\/strong> indica qualsiasi dispositivo che pu\u00f2 accedere al Servizio come un computer, un cellulare o un tablet digitale.<\/li><li><strong>Il servizio<\/strong> si riferisce al Sito.<\/li><li><strong>Termini e Condizioni<\/strong> (indicati anche come &#8220;Termini&#8221;) indicano questi Termini e Condizioni che costituiscono l&#8217;intero accordo tra l&#8217;Utente e la Societ\u00e0 in merito all&#8217;utilizzo del Servizio. Questo contratto di Termini e Condizioni \u00e8 stato creato con l&#8217;aiuto del <a href=\"https:\/\/www.termsfeed.com\/terms-conditions-generator\/\" target=\"_blank\" rel=\"noreferrer noopener\">Generatore di Termini e Condizioni<\/a> .<\/li><li><strong>Servizio di social media di terze parti<\/strong> indica qualsiasi servizio o contenuto (inclusi dati, informazioni, prodotti o servizi) fornito da una terza parte che potrebbe essere visualizzato, incluso o reso disponibile dal Servizio.<\/li><li><strong>Il sito web<\/strong> fa riferimento a Casapitti, accessibile da <a href=\"https:\/\/casapitti.com\/it\/\" rel=\"noreferrer noopener\" target=\"_blank\">https:\/\/casapitti.com<\/a><\/li><li><strong>Si<\/strong> intende la persona fisica che accede o utilizza il Servizio, o la societ\u00e0 o altra persona giuridica per conto della quale tale persona accede o utilizza il Servizio, a seconda dei casi.<\/li><\/ul>\n\n<p><\/p>\n\n<h1 class=\"wp-block-heading\">Riconoscimento<\/h1>\n\n<p>Questi sono i Termini e le Condizioni che regolano l&#8217;uso di questo Servizio e l&#8217;accordo che opera tra l&#8217;Utente e la Societ\u00e0. Questi Termini e Condizioni stabiliscono i diritti e gli obblighi di tutti gli utenti in merito all&#8217;utilizzo del Servizio.<\/p>\n\n<p>L&#8217;accesso e l&#8217;utilizzo del Servizio sono condizionati dall&#8217;accettazione e dal rispetto di questi Termini e Condizioni. Questi Termini e Condizioni si applicano a tutti i visitatori, utenti e altri che accedono o utilizzano il Servizio.<\/p>\n\n<p>Accedendo o utilizzando il Servizio accetti di essere vincolato da questi Termini e Condizioni. Se non sei d&#8217;accordo con qualsiasi parte di questi Termini e Condizioni, non puoi accedere al Servizio.<\/p>\n\n<p>Dichiari di avere pi\u00f9 di 18 anni. La Societ\u00e0 non consente ai minori di 18 anni di utilizzare il Servizio.<\/p>\n\n<p>L&#8217;accesso e l&#8217;utilizzo del Servizio sono inoltre condizionati dall&#8217;accettazione e dal rispetto dell&#8217;Informativa sulla privacy della Societ\u00e0. La nostra Informativa sulla privacy descrive le nostre politiche e procedure sulla raccolta, l&#8217;uso e la divulgazione delle tue informazioni personali quando utilizzi l&#8217;applicazione o il sito Web e ti informa sui tuoi diritti alla privacy e su come la legge ti protegge. Si prega di leggere attentamente la nostra Informativa sulla privacy prima di utilizzare il nostro servizio.<\/p>\n\n<p><\/p>\n\n<h1 class=\"wp-block-heading\">Collegamenti ad altri siti web<\/h1>\n\n<p>Il nostro Servizio pu\u00f2 contenere collegamenti a siti Web o servizi di terze parti che non sono di propriet\u00e0 o controllati dalla Societ\u00e0.<\/p>\n\n<p>La Societ\u00e0 non ha alcun controllo e non si assume alcuna responsabilit\u00e0 per il contenuto, le politiche sulla privacy o le pratiche di siti Web o servizi di terzi. Riconosci e accetti inoltre che la Societ\u00e0 non sar\u00e0 responsabile, direttamente o indirettamente, per eventuali danni o perdite causati o presumibilmente causati da o in connessione con l&#8217;uso o l&#8217;affidamento su tali contenuti, beni o servizi disponibili su o tramite uno qualsiasi di tali siti web o servizi.<\/p>\n\n<p>Ti consigliamo vivamente di leggere i termini e le condizioni e le politiche sulla privacy di qualsiasi sito Web o servizio di terze parti che visiti.<\/p>\n\n<p><\/p>\n\n<h1 class=\"wp-block-heading\">Cessazione<\/h1>\n\n<p>Possiamo interrompere o sospendere l&#8217;accesso dell&#8217;utente immediatamente, senza preavviso o responsabilit\u00e0, per qualsiasi motivo, incluso senza limitazione se si violano questi Termini e condizioni.<\/p>\n\n<p>In caso di risoluzione, il tuo diritto di utilizzare il Servizio cesser\u00e0 immediatamente.<\/p>\n\n<p><\/p>\n\n<h1 class=\"wp-block-heading\">Limitazione di responsabilit\u00e0<\/h1>\n\n<p>Nonostante eventuali danni che potresti subire, l&#8217;intera responsabilit\u00e0 della Societ\u00e0 e dei suoi fornitori ai sensi di qualsiasi disposizione di questi Termini e il tuo rimedio esclusivo per tutto quanto sopra sar\u00e0 limitato all&#8217;importo effettivamente pagato da te tramite il Servizio o 100 USD se non hai acquistato nulla tramite il Servizio.<\/p>\n\n<p>Nella misura massima consentita dalla legge applicabile, in nessun caso la Societ\u00e0 o i suoi fornitori saranno responsabili per eventuali danni speciali, incidentali, indiretti o consequenziali di alcun tipo (inclusi, a titolo esemplificativo, danni per mancato guadagno, perdita di dati o altre informazioni, per interruzione dell&#8217;attivit\u00e0, per lesioni personali, perdita di privacy derivante da o in qualsiasi modo correlata all&#8217;uso o all&#8217;impossibilit\u00e0 di utilizzare il Servizio, software di terze parti e\/o hardware di terze parti utilizzati con il Servizio, oppure altrimenti in relazione a qualsiasi disposizione delle presenti Condizioni), anche se la Societ\u00e0 o qualsiasi fornitore \u00e8 stato informato della possibilit\u00e0 di tali danni e anche se il rimedio non raggiunge il suo scopo essenziale.<\/p>\n\n<p>Alcuni stati non consentono l&#8217;esclusione di garanzie implicite o la limitazione di responsabilit\u00e0 per danni incidentali o consequenziali, il che significa che alcune delle limitazioni di cui sopra potrebbero non essere applicabili. In questi stati, la responsabilit\u00e0 di ciascuna parte sar\u00e0 limitata nella misura massima consentita dalla legge.<\/p>\n\n<p><\/p>\n\n<h1 class=\"wp-block-heading\">Dichiarazione di non responsabilit\u00e0 &#8220;COS\u00cc COM&#8217;\u00c8&#8221; e &#8220;COME DISPONIBILE&#8221;.<\/h1>\n\n<p>Il Servizio ti viene fornito &#8220;COS\u00cc COM&#8217;\u00c8&#8221; e &#8220;COME DISPONIBILE&#8221; e con tutti i vizi e difetti senza garanzie di alcun tipo. Nella misura massima consentita dalla legge applicabile, la Societ\u00e0, per proprio conto e per conto delle sue Affiliate e dei suoi rispettivi concessori di licenza e fornitori di servizi, declina espressamente tutte le garanzie, espresse, implicite, legali o di altro tipo, in relazione al Servizio, comprese tutte le garanzie implicite di commerciabilit\u00e0, idoneit\u00e0 per uno scopo particolare, titolo e non violazione, e garanzie che possono derivare da operazioni commerciali, prestazioni, utilizzo o pratiche commerciali. Senza limitazione a quanto sopra, la Societ\u00e0 non fornisce alcuna garanzia o impegno e non rilascia alcuna dichiarazione di alcun tipo che il Servizio soddisfer\u00e0 i tuoi requisiti, raggiunger\u00e0 i risultati desiderati, sar\u00e0 compatibile o funzioner\u00e0 con qualsiasi altro software, applicazione, sistema o servizio, funzioner\u00e0 senza interruzioni, soddisfare qualsiasi standard di prestazioni o affidabilit\u00e0 o essere esenti da errori o che eventuali errori o difetti possono o saranno corretti.<\/p>\n\n<p>Senza limitare quanto sopra, n\u00e9 la Societ\u00e0 n\u00e9 alcuno dei fornitori della societ\u00e0 rilascia alcuna dichiarazione o garanzia di alcun tipo, espressa o implicita: (i) per quanto riguarda il funzionamento o la disponibilit\u00e0 del Servizio, o le informazioni, i contenuti e i materiali o prodotti ivi inclusi; (ii) che il Servizio sar\u00e0 ininterrotto o privo di errori; (iii) per quanto riguarda l&#8217;accuratezza, l&#8217;affidabilit\u00e0 o l&#8217;attualit\u00e0 di qualsiasi informazione o contenuto fornito tramite il Servizio; o (iv) che il Servizio, i suoi server, il contenuto o le e-mail inviate da o per conto della Societ\u00e0 sono privi di virus, script, cavalli di Troia, worm, malware, timebomb o altri componenti dannosi.<\/p>\n\n<p>Alcune giurisdizioni non consentono l&#8217;esclusione di determinati tipi di garanzie o limitazioni ai diritti legali applicabili di un consumatore, pertanto alcune o tutte le esclusioni e limitazioni di cui sopra potrebbero non essere applicabili all&#8217;Utente. Ma in tal caso le esclusioni e le limitazioni stabilite nella presente sezione si applicano nella misura massima applicabile ai sensi della legge applicabile.<\/p>\n\n<p><\/p>\n\n<h1 class=\"wp-block-heading\">Legge governativa<\/h1>\n\n<p>Le leggi del Paese, escluse le norme sui conflitti di legge, regoleranno i presenti Termini e l&#8217;utilizzo del Servizio da parte dell&#8217;Utente. L&#8217;utilizzo dell&#8217;Applicazione pu\u00f2 anche essere soggetto ad altre leggi locali, statali, nazionali o internazionali.<\/p>\n\n<p><\/p>\n\n<h1 class=\"wp-block-heading\">Risoluzione delle controversie<\/h1>\n\n<p>In caso di dubbi o controversie sul Servizio, accetti di provare prima a risolvere la controversia in modo informale contattando la Societ\u00e0.<\/p>\n\n<p><\/p>\n\n<h1 class=\"wp-block-heading\">Per gli utenti dell&#8217;Unione Europea (UE).<\/h1>\n\n<p>Se sei un consumatore dell&#8217;Unione Europea, beneficerai di tutte le disposizioni obbligatorie della legge del paese in cui risiedi.<\/p>\n\n<p><\/p>\n\n<h1 class=\"wp-block-heading\">Conformit\u00e0 legale degli Stati Uniti<\/h1>\n\n<p>Lo dichiari e lo garantisci (i) Lei non si trova in un Paese soggetto all&#8217;embargo del governo degli Stati Uniti, o che \u00e8 stato designato dal governo degli Stati Uniti come Paese &#8220;sostenitore del terrorismo&#8221;, e (ii) L&#8217;utente non \u00e8 elencato in alcun elenco di soggetti vietati o soggetti a restrizioni del governo degli Stati Uniti.<\/p>\n\n<p><\/p>\n\n<h1 class=\"wp-block-heading\">Separabilit\u00e0 e rinuncia<\/h1>\n\n<h2 class=\"wp-block-heading\">Separabilit\u00e0<\/h2>\n\n<p>Se una qualsiasi disposizione di questi Termini \u00e8 ritenuta inapplicabile o non valida, tale disposizione sar\u00e0 modificata e interpretata per raggiungere gli obiettivi di tale disposizione nella misura pi\u00f9 ampia possibile ai sensi della legge applicabile e le restanti disposizioni continueranno ad avere pieno vigore ed efficacia.<\/p>\n\n<h2 class=\"wp-block-heading\">Rinuncia<\/h2>\n\n<p>Salvo quanto qui previsto, il mancato esercizio di un diritto o la richiesta di adempimento di un obbligo ai sensi dei presenti Termini non influir\u00e0 sulla capacit\u00e0 di una parte di esercitare tale diritto o richiedere tale adempimento in qualsiasi momento successivo n\u00e9 la rinuncia a una violazione costituir\u00e0 una rinuncia di ogni successiva violazione.<\/p>\n\n<p><\/p>\n\n<h1 class=\"wp-block-heading\">Interpretazione della traduzione<\/h1>\n\n<p>Questi Termini e Condizioni potrebbero essere stati tradotti se li abbiamo messi a tua disposizione sul nostro Servizio. Accetti che il testo inglese originale prevale in caso di controversia.<\/p>\n\n<p><\/p>\n\n<h1 class=\"wp-block-heading\">Modifiche a questi Termini e condizioni<\/h1>\n\n<p>Ci riserviamo il diritto, a nostra esclusiva discrezione, di modificare o sostituire i presenti Termini in qualsiasi momento. Se una revisione \u00e8 sostanziale, faremo ogni ragionevole sforzo per fornire un preavviso di almeno 30 giorni prima dell&#8217;entrata in vigore di qualsiasi nuovo termine. Ci\u00f2 che costituisce un cambiamento sostanziale sar\u00e0 determinato a nostra esclusiva discrezione.<\/p>\n\n<p>Continuando ad accedere o utilizzare il Nostro Servizio dopo che tali revisioni sono diventate effettive, accetti di essere vincolato dai termini modificati. Se non accetti i nuovi termini, in tutto o in parte, ti preghiamo di interrompere l&#8217;utilizzo del sito Web e del Servizio.<\/p>\n\n<p><\/p>\n\n<h1 class=\"wp-block-heading\">Contattaci<\/h1>\n\n<p>In caso di domande su questi Termini e condizioni, puoi contattarci:<\/p>\n\n<ul class=\"wp-block-list\"><li>Per e-mail: info@casapitti.com<\/li><\/ul>\n","protected":false},"excerpt":{"rendered":"<p>Ultimo aggiornamento: 05 marzo 2021 Si prega di leggere attentamente questi termini e condizioni prima di utilizzare il nostro servizio. Interpretazione e definizioni Interpretazione Le parole di cui la lettera iniziale \u00e8 maiuscola hanno significati definiti nelle seguenti condizioni. Le seguenti definizioni avranno lo stesso significato indipendentemente dal fatto che appaiano al singolare o al [&hellip;]<\/p>\n","protected":false},"author":1,"featured_media":0,"parent":0,"menu_order":0,"comment_status":"closed","ping_status":"closed","template":"","meta":{"footnotes":""},"class_list":["post-7090","page","type-page","status-publish","hentry"],"jetpack_sharing_enabled":true,"_links":{"self":[{"href":"https:\/\/casapitti.com\/it\/wp-json\/wp\/v2\/pages\/7090","targetHints":{"allow":["GET"]}}],"collection":[{"href":"https:\/\/casapitti.com\/it\/wp-json\/wp\/v2\/pages"}],"about":[{"href":"https:\/\/casapitti.com\/it\/wp-json\/wp\/v2\/types\/page"}],"author":[{"embeddable":true,"href":"https:\/\/casapitti.com\/it\/wp-json\/wp\/v2\/users\/1"}],"replies":[{"embeddable":true,"href":"https:\/\/casapitti.com\/it\/wp-json\/wp\/v2\/comments?post=7090"}],"version-history":[{"count":1,"href":"https:\/\/casapitti.com\/it\/wp-json\/wp\/v2\/pages\/7090\/revisions"}],"predecessor-version":[{"id":7091,"href":"https:\/\/casapitti.com\/it\/wp-json\/wp\/v2\/pages\/7090\/revisions\/7091"}],"wp:attachment":[{"href":"https:\/\/casapitti.com\/it\/wp-json\/wp\/v2\/media?parent=7090"}],"curies":[{"name":"wp","href":"https:\/\/api.w.org\/{rel}","templated":true}]}}